{"id":894,"date":"2021-05-28T11:31:40","date_gmt":"2021-05-28T11:31:40","guid":{"rendered":"https:\/\/cfcd.school\/new\/?page_id=894"},"modified":"2021-08-18T09:36:33","modified_gmt":"2021-08-18T09:36:33","slug":"soutenir-le-cfcd-faire-un-don","status":"publish","type":"page","link":"https:\/\/cfcd.school\/new\/soutenir-le-cfcd\/soutenir-le-cfcd-faire-un-don\/","title":{"rendered":"Soutenir le CFCD- Faire un Don"},"content":{"rendered":"\t\t<div data-elementor-type=\"wp-page\" data-elementor-id=\"894\" class=\"elementor elementor-894\" data-elementor-settings=\"[]\">\n\t\t\t\t\t\t\t<div class=\"elementor-section-wrap\">\n\t\t\t\t\t\t\t<section class=\"elementor-section elementor-top-section elementor-element elementor-element-09093b4 elementor-section-boxed elementor-section-height-default elementor-section-height-default\" data-id=\"09093b4\" data-element_type=\"section\">\n\t\t\t\t\t\t<div class=\"elementor-container elementor-column-gap-default\">\n\t\t\t\t\t<div class=\"elementor-column elementor-col-100 elementor-top-column elementor-element elementor-element-e1d5136\" data-id=\"e1d5136\" data-element_type=\"column\">\n\t\t\t<div class=\"elementor-widget-wrap elementor-element-populated\">\n\t\t\t\t\t\t\t\t<div class=\"elementor-element elementor-element-fcb5a0e elementor-widget elementor-widget-image\" data-id=\"fcb5a0e\" data-element_type=\"widget\" data-widget_type=\"image.default\">\n\t\t\t\t<div class=\"elementor-widget-container\">\n\t\t\t\t\t\t\t\t\t\t\t\t\t\t\t<img loading=\"lazy\" decoding=\"async\" width=\"1920\" height=\"670\" src=\"https:\/\/cfcd.school\/new\/wp-content\/uploads\/2021\/05\/site-CFCD-Banniere-1920x67026-1.jpg\" class=\"attachment-2048x2048 size-2048x2048\" alt=\"\" srcset=\"https:\/\/cfcd.school\/new\/wp-content\/uploads\/2021\/05\/site-CFCD-Banniere-1920x67026-1.jpg 1920w, https:\/\/cfcd.school\/new\/wp-content\/uploads\/2021\/05\/site-CFCD-Banniere-1920x67026-1-300x105.jpg 300w, https:\/\/cfcd.school\/new\/wp-content\/uploads\/2021\/05\/site-CFCD-Banniere-1920x67026-1-1024x357.jpg 1024w, https:\/\/cfcd.school\/new\/wp-content\/uploads\/2021\/05\/site-CFCD-Banniere-1920x67026-1-768x268.jpg 768w, https:\/\/cfcd.school\/new\/wp-content\/uploads\/2021\/05\/site-CFCD-Banniere-1920x67026-1-1536x536.jpg 1536w\" sizes=\"auto, (max-width: 1920px) 100vw, 1920px\" \/>\t\t\t\t\t\t\t\t\t\t\t\t\t\t\t<\/div>\n\t\t\t\t<\/div>\n\t\t\t\t\t<\/div>\n\t\t<\/div>\n\t\t\t\t\t\t\t<\/div>\n\t\t<\/section>\n\t\t\t\t<section class=\"elementor-section elementor-top-section elementor-element elementor-element-886373b elementor-section-boxed elementor-section-height-default elementor-section-height-default\" data-id=\"886373b\" data-element_type=\"section\">\n\t\t\t\t\t\t<div class=\"elementor-container elementor-column-gap-default\">\n\t\t\t\t\t<div class=\"elementor-column elementor-col-100 elementor-top-column elementor-element elementor-element-1d50748\" data-id=\"1d50748\" data-element_type=\"column\">\n\t\t\t<div class=\"elementor-widget-wrap elementor-element-populated\">\n\t\t\t\t\t\t\t\t<section class=\"elementor-section elementor-inner-section elementor-element elementor-element-63e56da elementor-section-boxed elementor-section-height-default elementor-section-height-default\" data-id=\"63e56da\" data-element_type=\"section\">\n\t\t\t\t\t\t<div class=\"elementor-container elementor-column-gap-default\">\n\t\t\t\t\t<div class=\"elementor-column elementor-col-50 elementor-inner-column elementor-element elementor-element-6f0266e\" data-id=\"6f0266e\" data-element_type=\"column\">\n\t\t\t<div class=\"elementor-widget-wrap elementor-element-populated\">\n\t\t\t\t\t\t\t\t<div class=\"elementor-element elementor-element-d6b6df8 elementor-widget elementor-widget-shortcode\" data-id=\"d6b6df8\" data-element_type=\"widget\" data-widget_type=\"shortcode.default\">\n\t\t\t\t<div class=\"elementor-widget-container\">\n\t\t\t\t\t<div class=\"elementor-shortcode\"><iframe id=\"haWidget\" allowtransparency=\"true\" scrolling=\"auto\" src=\"https:\/\/www.helloasso.com\/associations\/afac-rhone-alpes\/formulaires\/4\/widget\" style=\"width:100%;height:750px;border:none;\" onload=\"window.scroll(0, this.offsetTop)\"><\/iframe><\/div>\n\t\t\t\t<\/div>\n\t\t\t\t<\/div>\n\t\t\t\t\t<\/div>\n\t\t<\/div>\n\t\t\t\t<div class=\"elementor-column elementor-col-50 elementor-inner-column elementor-element elementor-element-7c13b06\" data-id=\"7c13b06\" data-element_type=\"column\">\n\t\t\t<div class=\"elementor-widget-wrap elementor-element-populated\">\n\t\t\t\t\t\t\t\t<div class=\"elementor-element elementor-element-1b7c9e9 elementor-widget elementor-widget-image\" data-id=\"1b7c9e9\" data-element_type=\"widget\" data-widget_type=\"image.default\">\n\t\t\t\t<div class=\"elementor-widget-container\">\n\t\t\t\t\t\t\t\t\t\t\t\t\t\t\t<img loading=\"lazy\" decoding=\"async\" width=\"640\" height=\"424\" src=\"https:\/\/cfcd.school\/new\/wp-content\/uploads\/2021\/05\/CFCD-980x6505-1.jpg\" class=\"attachment-large size-large\" alt=\"\" srcset=\"https:\/\/cfcd.school\/new\/wp-content\/uploads\/2021\/05\/CFCD-980x6505-1.jpg 980w, https:\/\/cfcd.school\/new\/wp-content\/uploads\/2021\/05\/CFCD-980x6505-1-300x199.jpg 300w, https:\/\/cfcd.school\/new\/wp-content\/uploads\/2021\/05\/CFCD-980x6505-1-768x509.jpg 768w\" sizes=\"auto, (max-width: 640px) 100vw, 640px\" \/>\t\t\t\t\t\t\t\t\t\t\t\t\t\t\t<\/div>\n\t\t\t\t<\/div>\n\t\t\t\t<div class=\"elementor-element elementor-element-01ece8d elementor-widget elementor-widget-heading\" data-id=\"01ece8d\" data-element_type=\"widget\" data-widget_type=\"heading.default\">\n\t\t\t\t<div class=\"elementor-widget-container\">\n\t\t\t<h2 class=\"elementor-heading-title elementor-size-default\">A Quoi va servir ce don ? <\/h2>\t\t<\/div>\n\t\t\t\t<\/div>\n\t\t\t\t<div class=\"elementor-element elementor-element-0669c99 elementor-widget elementor-widget-text-editor\" data-id=\"0669c99\" data-element_type=\"widget\" data-widget_type=\"text-editor.default\">\n\t\t\t\t<div class=\"elementor-widget-container\">\n\t\t\t\t\t\t\t\t<p>Les dons contribuent \u00e0 am\u00e9liorer le cadre dans lequel les \u00e9tudiants \u00e9voluent. Cela peut varier entre le mat\u00e9riel technologique ou fournir \u00e0 la biblioth\u00e8que plus de libert\u00e9 pour l&rsquo;achat de nouveau livres, inviter des conf\u00e9renciers \u00e9trangers pour des colloques.<\/p><p>Parmi nos projets imminents, nous avons les suivants :<\/p><p>Le CFCD a pris la d\u00e9cision d&rsquo;engager Pierre ALBRECHT comme professeur d&rsquo;Ancien Testament. Ceci repr\u00e9sente un d\u00e9fi financier pour notre Facult\u00e9. Mais nous sommes convaincus qu&rsquo;une telle d\u00e9marche est n\u00e9cessaire pour assurer la p\u00e9rennit\u00e9 de la centralit\u00e9 des \u00e9tudes bibliques dans nos programmes th\u00e9ologiques.<\/p><p>Le CFCD a d\u00e9cid\u00e9 d&rsquo;investir dans le d\u00e9veloppement et l&rsquo;innovation au niveau de sa structure administrative. Nous vous encourageons \u00e0 nous soutenir financi\u00e8rement dans une telle d\u00e9marche.<\/p><p>Le CFCD investi dans la production audiovisuelle en construisant un studio et un plateau vid\u00e9o pour l&rsquo;organisation de cours \u00e0 distance et de sessions d&rsquo;\u00e9changes entre les divers \u00e9tudiants \u00e0 travers la francophonie.<\/p><p>Nous vous invitons \u00e0 vous joindre \u00e0 nous dans cet effort, \u00e0 la fois en priant pour nous, mais aussi en soutenant financi\u00e8rement nos d\u00e9marches pour le d\u00e9veloppement du discipulat.<\/p>\t\t\t\t\t\t<\/div>\n\t\t\t\t<\/div>\n\t\t\t\t\t<\/div>\n\t\t<\/div>\n\t\t\t\t\t\t\t<\/div>\n\t\t<\/section>\n\t\t\t\t\t<\/div>\n\t\t<\/div>\n\t\t\t\t\t\t\t<\/div>\n\t\t<\/section>\n\t\t\t\t\t\t<\/div>\n\t\t\t\t\t<\/div>\n\t\t","protected":false},"excerpt":{"rendered":"<p>A Quoi va servir ce don ? Les dons contribuent \u00e0 am\u00e9liorer le cadre dans lequel les \u00e9tudiants \u00e9voluent. Cela peut varier entre le mat\u00e9riel technologique ou fournir \u00e0 la biblioth\u00e8que plus de libert\u00e9 pour l&rsquo;achat de nouveau livres, inviter des conf\u00e9renciers \u00e9trangers pour des colloques. Parmi nos projets imminents, nous avons les suivants : [&hellip;]<\/p>\n","protected":false},"author":1,"featured_media":0,"parent":265,"menu_order":0,"comment_status":"closed","ping_status":"closed","template":"","meta":{"footnotes":""},"class_list":["post-894","page","type-page","status-publish","hentry"],"_links":{"self":[{"href":"https:\/\/cfcd.school\/new\/wp-json\/wp\/v2\/pages\/894","targetHints":{"allow":["GET"]}}],"collection":[{"href":"https:\/\/cfcd.school\/new\/wp-json\/wp\/v2\/pages"}],"about":[{"href":"https:\/\/cfcd.school\/new\/wp-json\/wp\/v2\/types\/page"}],"author":[{"embeddable":true,"href":"https:\/\/cfcd.school\/new\/wp-json\/wp\/v2\/users\/1"}],"replies":[{"embeddable":true,"href":"https:\/\/cfcd.school\/new\/wp-json\/wp\/v2\/comments?post=894"}],"version-history":[{"count":12,"href":"https:\/\/cfcd.school\/new\/wp-json\/wp\/v2\/pages\/894\/revisions"}],"predecessor-version":[{"id":1046,"href":"https:\/\/cfcd.school\/new\/wp-json\/wp\/v2\/pages\/894\/revisions\/1046"}],"up":[{"embeddable":true,"href":"https:\/\/cfcd.school\/new\/wp-json\/wp\/v2\/pages\/265"}],"wp:attachment":[{"href":"https:\/\/cfcd.school\/new\/wp-json\/wp\/v2\/media?parent=894"}],"curies":[{"name":"wp","href":"https:\/\/api.w.org\/{rel}","templated":true}]}}