{"id":491,"date":"2021-05-25T13:25:07","date_gmt":"2021-05-25T13:25:07","guid":{"rendered":"https:\/\/cfcd.school\/new\/?page_id=491"},"modified":"2021-08-30T12:44:33","modified_gmt":"2021-08-30T12:44:33","slug":"profil-daniel-robert","status":"publish","type":"page","link":"https:\/\/cfcd.school\/new\/lequipe-cfcd\/profil-daniel-robert\/","title":{"rendered":"Profil Daniel ROBERT"},"content":{"rendered":"\t\t<div data-elementor-type=\"wp-page\" data-elementor-id=\"491\" class=\"elementor elementor-491\" data-elementor-settings=\"[]\">\n\t\t\t\t\t\t\t<div class=\"elementor-section-wrap\">\n\t\t\t\t\t\t\t<section class=\"elementor-section elementor-top-section elementor-element elementor-element-14b93ef elementor-section-boxed elementor-section-height-default elementor-section-height-default\" data-id=\"14b93ef\" data-element_type=\"section\">\n\t\t\t\t\t\t<div class=\"elementor-container elementor-column-gap-default\">\n\t\t\t\t\t<div class=\"elementor-column elementor-col-100 elementor-top-column elementor-element elementor-element-da1e53b\" data-id=\"da1e53b\" data-element_type=\"column\">\n\t\t\t<div class=\"elementor-widget-wrap elementor-element-populated\">\n\t\t\t\t\t\t\t\t<div class=\"elementor-element elementor-element-4d253c2 elementor-widget elementor-widget-heading\" data-id=\"4d253c2\" data-element_type=\"widget\" data-widget_type=\"heading.default\">\n\t\t\t\t<div class=\"elementor-widget-container\">\n\t\t\t<h2 class=\"elementor-heading-title elementor-size-default\">daniel robert<\/h2>\t\t<\/div>\n\t\t\t\t<\/div>\n\t\t\t\t<div class=\"elementor-element elementor-element-a5a65e8 elementor-widget elementor-widget-heading\" data-id=\"a5a65e8\" data-element_type=\"widget\" data-widget_type=\"heading.default\">\n\t\t\t\t<div class=\"elementor-widget-container\">\n\t\t\t<h2 class=\"elementor-heading-title elementor-size-default\">intervenant<\/h2>\t\t<\/div>\n\t\t\t\t<\/div>\n\t\t\t\t\t<\/div>\n\t\t<\/div>\n\t\t\t\t\t\t\t<\/div>\n\t\t<\/section>\n\t\t\t\t<section class=\"elementor-section elementor-top-section elementor-element elementor-element-4c4a665 elementor-section-boxed elementor-section-height-default elementor-section-height-default\" data-id=\"4c4a665\" data-element_type=\"section\" data-settings=\"{&quot;background_background&quot;:&quot;classic&quot;}\">\n\t\t\t\t\t\t<div class=\"elementor-container elementor-column-gap-default\">\n\t\t\t\t\t<div class=\"elementor-column elementor-col-50 elementor-top-column elementor-element elementor-element-ef0a831\" data-id=\"ef0a831\" data-element_type=\"column\">\n\t\t\t<div class=\"elementor-widget-wrap elementor-element-populated\">\n\t\t\t\t\t\t\t\t<div class=\"elementor-element elementor-element-01ce2f5 elementor-widget elementor-widget-image\" data-id=\"01ce2f5\" data-element_type=\"widget\" data-widget_type=\"image.default\">\n\t\t\t\t<div class=\"elementor-widget-container\">\n\t\t\t\t\t\t\t\t\t\t\t\t\t\t\t<img loading=\"lazy\" decoding=\"async\" width=\"475\" height=\"355\" src=\"https:\/\/cfcd.school\/new\/wp-content\/uploads\/2021\/05\/daniel_robert.jpg\" class=\"attachment-large size-large\" alt=\"\" srcset=\"https:\/\/cfcd.school\/new\/wp-content\/uploads\/2021\/05\/daniel_robert.jpg 475w, https:\/\/cfcd.school\/new\/wp-content\/uploads\/2021\/05\/daniel_robert-300x224.jpg 300w\" sizes=\"auto, (max-width: 475px) 100vw, 475px\" \/>\t\t\t\t\t\t\t\t\t\t\t\t\t\t\t<\/div>\n\t\t\t\t<\/div>\n\t\t\t\t\t<\/div>\n\t\t<\/div>\n\t\t\t\t<div class=\"elementor-column elementor-col-50 elementor-top-column elementor-element elementor-element-7a6d3b7\" data-id=\"7a6d3b7\" data-element_type=\"column\">\n\t\t\t<div class=\"elementor-widget-wrap elementor-element-populated\">\n\t\t\t\t\t\t\t\t<div class=\"elementor-element elementor-element-e3bccbc elementor-widget elementor-widget-text-editor\" data-id=\"e3bccbc\" data-element_type=\"widget\" data-widget_type=\"text-editor.default\">\n\t\t\t\t<div class=\"elementor-widget-container\">\n\t\t\t\t\t\t\t\t<p>Daniel, mari\u00e9 , p\u00e8re de 4 enfants, dans l&rsquo;\u00e9quipe du chandelier depuis 1995, pasteur en 1999.<\/p><p>Je suis originaire d&rsquo;un petit village des Vosges\u00a0 et bien que ne connaissant que l&rsquo;\u00e9glise catholique, Dieu a frapp\u00e9 \u00e0 la porte de mon c\u0153ur dans mon adolescence. Mais ce n&rsquo;est qu&rsquo;\u00e0 24 ans que je me suis converti. En 1985, je suis venu \u00e0 Grenoble o\u00f9 j&rsquo;ai int\u00e9gr\u00e9 l&rsquo;\u00e9glise des 400 couverts (qui est devenue le Chandelier en 1992). Cette m\u00eame ann\u00e9e, j&rsquo;ai suivi les cours de l&rsquo;IBD \u00e0 temps plein. j&rsquo;ai travaill\u00e9 presque 20 ans \u00e0 Radio CERTITUDE devenue Phare FM Grenoble en 2007.<\/p><p>J&rsquo;ai \u00e0 c\u0153ur d&rsquo;aider mes fr\u00e8res et s\u0153urs \u00e0 grandir\u00a0 en Christ et se d\u00e9velopper dans leur appel.<\/p>\t\t\t\t\t\t<\/div>\n\t\t\t\t<\/div>\n\t\t\t\t\t<\/div>\n\t\t<\/div>\n\t\t\t\t\t\t\t<\/div>\n\t\t<\/section>\n\t\t\t\t<section class=\"elementor-section elementor-top-section elementor-element elementor-element-e3b1800 elementor-section-boxed elementor-section-height-default elementor-section-height-default\" data-id=\"e3b1800\" data-element_type=\"section\">\n\t\t\t\t\t\t<div class=\"elementor-container elementor-column-gap-default\">\n\t\t\t\t\t<div class=\"elementor-column elementor-col-100 elementor-top-column elementor-element elementor-element-bea3464\" data-id=\"bea3464\" data-element_type=\"column\">\n\t\t\t<div class=\"elementor-widget-wrap elementor-element-populated\">\n\t\t\t\t\t\t\t\t<div class=\"elementor-element elementor-element-9cb28d5 elementor-align-left elementor-widget elementor-widget-button\" data-id=\"9cb28d5\" data-element_type=\"widget\" data-widget_type=\"button.default\">\n\t\t\t\t<div class=\"elementor-widget-container\">\n\t\t\t\t\t<div class=\"elementor-button-wrapper\">\n\t\t\t<a href=\"https:\/\/cfcd.school\/new\/lequipe-cfcd\/\" class=\"elementor-button-link elementor-button elementor-size-md\" role=\"button\">\n\t\t\t\t\t\t<span class=\"elementor-button-content-wrapper\">\n\t\t\t\t\t\t<span class=\"elementor-button-icon elementor-align-icon-left\">\n\t\t\t\t<i aria-hidden=\"true\" class=\"fas fa-arrow-left\"><\/i>\t\t\t<\/span>\n\t\t\t\t\t\t<span class=\"elementor-button-text\">Retrouvez toute l'\u00e9quipe du CFCD<\/span>\n\t\t<\/span>\n\t\t\t\t\t<\/a>\n\t\t<\/div>\n\t\t\t\t<\/div>\n\t\t\t\t<\/div>\n\t\t\t\t\t<\/div>\n\t\t<\/div>\n\t\t\t\t\t\t\t<\/div>\n\t\t<\/section>\n\t\t\t\t<section class=\"elementor-section elementor-top-section elementor-element elementor-element-9749c78 elementor-section-full_width elementor-section-height-default elementor-section-height-default\" data-id=\"9749c78\" data-element_type=\"section\">\n\t\t\t\t\t\t<div class=\"elementor-container elementor-column-gap-default\">\n\t\t\t\t\t<div class=\"elementor-column elementor-col-100 elementor-top-column elementor-element elementor-element-7d9eb7d\" data-id=\"7d9eb7d\" data-element_type=\"column\">\n\t\t\t<div class=\"elementor-widget-wrap elementor-element-populated\">\n\t\t\t\t\t\t\t\t<div class=\"elementor-element elementor-element-1fe3584 elementor-shape-circle elementor-grid-0 e-grid-align-center elementor-widget elementor-widget-social-icons\" data-id=\"1fe3584\" data-element_type=\"widget\" data-widget_type=\"social-icons.default\">\n\t\t\t\t<div class=\"elementor-widget-container\">\n\t\t\t\t\t<div class=\"elementor-social-icons-wrapper elementor-grid\">\n\t\t\t\t\t\t\t<div class=\"elementor-grid-item\">\n\t\t\t\t\t<a class=\"elementor-icon elementor-social-icon elementor-social-icon-facebook elementor-repeater-item-d009c98\" href=\"https:\/\/www.facebook.com\/CFCD-1686734374874634\" target=\"_blank\">\n\t\t\t\t\t\t<span class=\"elementor-screen-only\">Facebook<\/span>\n\t\t\t\t\t\t<i class=\"fab fa-facebook\"><\/i>\t\t\t\t\t<\/a>\n\t\t\t\t<\/div>\n\t\t\t\t\t\t\t<div class=\"elementor-grid-item\">\n\t\t\t\t\t<a class=\"elementor-icon elementor-social-icon elementor-social-icon-instagram elementor-repeater-item-ecf0835\" href=\"https:\/\/www.instagram.com\/cfcd_officiel\/\" target=\"_blank\">\n\t\t\t\t\t\t<span class=\"elementor-screen-only\">Instagram<\/span>\n\t\t\t\t\t\t<i class=\"fab fa-instagram\"><\/i>\t\t\t\t\t<\/a>\n\t\t\t\t<\/div>\n\t\t\t\t\t<\/div>\n\t\t\t\t<\/div>\n\t\t\t\t<\/div>\n\t\t\t\t<section class=\"elementor-section elementor-inner-section elementor-element elementor-element-3ab7768 elementor-section-full_width elementor-section-height-default elementor-section-height-default\" data-id=\"3ab7768\" data-element_type=\"section\" data-settings=\"{&quot;background_background&quot;:&quot;classic&quot;}\">\n\t\t\t\t\t\t<div class=\"elementor-container elementor-column-gap-extended\">\n\t\t\t\t\t<div class=\"elementor-column elementor-col-33 elementor-inner-column elementor-element elementor-element-cf1f5bd\" data-id=\"cf1f5bd\" data-element_type=\"column\">\n\t\t\t<div class=\"elementor-widget-wrap elementor-element-populated\">\n\t\t\t\t\t\t\t\t<div class=\"elementor-element elementor-element-d58af9e elementor-align-center elementor-widget elementor-widget-button\" data-id=\"d58af9e\" data-element_type=\"widget\" data-widget_type=\"button.default\">\n\t\t\t\t<div class=\"elementor-widget-container\">\n\t\t\t\t\t<div class=\"elementor-button-wrapper\">\n\t\t\t<a href=\"https:\/\/cfcd.school\/new\/sinscrire\/\" class=\"elementor-button-link elementor-button elementor-size-sm\" role=\"button\">\n\t\t\t\t\t\t<span class=\"elementor-button-content-wrapper\">\n\t\t\t\t\t\t<span class=\"elementor-button-text\">S'inscrire<\/span>\n\t\t<\/span>\n\t\t\t\t\t<\/a>\n\t\t<\/div>\n\t\t\t\t<\/div>\n\t\t\t\t<\/div>\n\t\t\t\t\t<\/div>\n\t\t<\/div>\n\t\t\t\t<div class=\"elementor-column elementor-col-33 elementor-inner-column elementor-element elementor-element-f576c02\" data-id=\"f576c02\" data-element_type=\"column\">\n\t\t\t<div class=\"elementor-widget-wrap elementor-element-populated\">\n\t\t\t\t\t\t\t\t<div class=\"elementor-element elementor-element-47ed700 elementor-align-center elementor-widget elementor-widget-button\" data-id=\"47ed700\" data-element_type=\"widget\" data-widget_type=\"button.default\">\n\t\t\t\t<div class=\"elementor-widget-container\">\n\t\t\t\t\t<div class=\"elementor-button-wrapper\">\n\t\t\t<a href=\"https:\/\/cfcd.school\/new\/contact\/\" class=\"elementor-button-link elementor-button elementor-size-sm\" role=\"button\">\n\t\t\t\t\t\t<span class=\"elementor-button-content-wrapper\">\n\t\t\t\t\t\t<span class=\"elementor-button-text\">Nous contacter<\/span>\n\t\t<\/span>\n\t\t\t\t\t<\/a>\n\t\t<\/div>\n\t\t\t\t<\/div>\n\t\t\t\t<\/div>\n\t\t\t\t\t<\/div>\n\t\t<\/div>\n\t\t\t\t<div class=\"elementor-column elementor-col-33 elementor-inner-column elementor-element elementor-element-e532b4e\" data-id=\"e532b4e\" data-element_type=\"column\">\n\t\t\t<div class=\"elementor-widget-wrap elementor-element-populated\">\n\t\t\t\t\t\t\t\t<div class=\"elementor-element elementor-element-a1c25d6 elementor-align-center elementor-widget elementor-widget-button\" data-id=\"a1c25d6\" data-element_type=\"widget\" data-widget_type=\"button.default\">\n\t\t\t\t<div class=\"elementor-widget-container\">\n\t\t\t\t\t<div class=\"elementor-button-wrapper\">\n\t\t\t<a href=\"https:\/\/cfcd.school\/new\/soutenir-le-cfcd\/\" class=\"elementor-button-link elementor-button elementor-size-sm\" role=\"button\">\n\t\t\t\t\t\t<span class=\"elementor-button-content-wrapper\">\n\t\t\t\t\t\t<span class=\"elementor-button-text\">Soutenir le CFCD<\/span>\n\t\t<\/span>\n\t\t\t\t\t<\/a>\n\t\t<\/div>\n\t\t\t\t<\/div>\n\t\t\t\t<\/div>\n\t\t\t\t\t<\/div>\n\t\t<\/div>\n\t\t\t\t\t\t\t<\/div>\n\t\t<\/section>\n\t\t\t\t\t<\/div>\n\t\t<\/div>\n\t\t\t\t\t\t\t<\/div>\n\t\t<\/section>\n\t\t\t\t\t\t<\/div>\n\t\t\t\t\t<\/div>\n\t\t","protected":false},"excerpt":{"rendered":"<p>daniel robert intervenant Daniel, mari\u00e9 , p\u00e8re de 4 enfants, dans l&rsquo;\u00e9quipe du chandelier depuis 1995, pasteur en 1999. Je suis originaire d&rsquo;un petit village des Vosges\u00a0 et bien que ne connaissant que l&rsquo;\u00e9glise catholique, Dieu a frapp\u00e9 \u00e0 la porte de mon c\u0153ur dans mon adolescence. Mais ce n&rsquo;est qu&rsquo;\u00e0 24 ans que je [&hellip;]<\/p>\n","protected":false},"author":2,"featured_media":0,"parent":238,"menu_order":0,"comment_status":"closed","ping_status":"closed","template":"","meta":{"footnotes":""},"class_list":["post-491","page","type-page","status-publish","hentry"],"_links":{"self":[{"href":"https:\/\/cfcd.school\/new\/wp-json\/wp\/v2\/pages\/491","targetHints":{"allow":["GET"]}}],"collection":[{"href":"https:\/\/cfcd.school\/new\/wp-json\/wp\/v2\/pages"}],"about":[{"href":"https:\/\/cfcd.school\/new\/wp-json\/wp\/v2\/types\/page"}],"author":[{"embeddable":true,"href":"https:\/\/cfcd.school\/new\/wp-json\/wp\/v2\/users\/2"}],"replies":[{"embeddable":true,"href":"https:\/\/cfcd.school\/new\/wp-json\/wp\/v2\/comments?post=491"}],"version-history":[{"count":10,"href":"https:\/\/cfcd.school\/new\/wp-json\/wp\/v2\/pages\/491\/revisions"}],"predecessor-version":[{"id":1157,"href":"https:\/\/cfcd.school\/new\/wp-json\/wp\/v2\/pages\/491\/revisions\/1157"}],"up":[{"embeddable":true,"href":"https:\/\/cfcd.school\/new\/wp-json\/wp\/v2\/pages\/238"}],"wp:attachment":[{"href":"https:\/\/cfcd.school\/new\/wp-json\/wp\/v2\/media?parent=491"}],"curies":[{"name":"wp","href":"https:\/\/api.w.org\/{rel}","templated":true}]}}