{"id":489,"date":"2021-05-25T13:24:52","date_gmt":"2021-05-25T13:24:52","guid":{"rendered":"https:\/\/cfcd.school\/new\/?page_id=489"},"modified":"2021-08-30T12:44:17","modified_gmt":"2021-08-30T12:44:17","slug":"profil-mario-rizzo","status":"publish","type":"page","link":"https:\/\/cfcd.school\/new\/lequipe-cfcd\/profil-mario-rizzo\/","title":{"rendered":"Profil Mario RIZZO"},"content":{"rendered":"\t\t<div data-elementor-type=\"wp-page\" data-elementor-id=\"489\" class=\"elementor elementor-489\" data-elementor-settings=\"[]\">\n\t\t\t\t\t\t\t<div class=\"elementor-section-wrap\">\n\t\t\t\t\t\t\t<section class=\"elementor-section elementor-top-section elementor-element elementor-element-14b93ef elementor-section-boxed elementor-section-height-default elementor-section-height-default\" data-id=\"14b93ef\" data-element_type=\"section\">\n\t\t\t\t\t\t<div class=\"elementor-container elementor-column-gap-default\">\n\t\t\t\t\t<div class=\"elementor-column elementor-col-100 elementor-top-column elementor-element elementor-element-da1e53b\" data-id=\"da1e53b\" data-element_type=\"column\">\n\t\t\t<div class=\"elementor-widget-wrap elementor-element-populated\">\n\t\t\t\t\t\t\t\t<div class=\"elementor-element elementor-element-4d253c2 elementor-widget elementor-widget-heading\" data-id=\"4d253c2\" data-element_type=\"widget\" data-widget_type=\"heading.default\">\n\t\t\t\t<div class=\"elementor-widget-container\">\n\t\t\t<h2 class=\"elementor-heading-title elementor-size-default\">mario rizzo<\/h2>\t\t<\/div>\n\t\t\t\t<\/div>\n\t\t\t\t<div class=\"elementor-element elementor-element-a5a65e8 elementor-widget elementor-widget-heading\" data-id=\"a5a65e8\" data-element_type=\"widget\" data-widget_type=\"heading.default\">\n\t\t\t\t<div class=\"elementor-widget-container\">\n\t\t\t<h2 class=\"elementor-heading-title elementor-size-default\">Membre du conseil d'\u00e9cole<\/h2>\t\t<\/div>\n\t\t\t\t<\/div>\n\t\t\t\t\t<\/div>\n\t\t<\/div>\n\t\t\t\t\t\t\t<\/div>\n\t\t<\/section>\n\t\t\t\t<section class=\"elementor-section elementor-top-section elementor-element elementor-element-4c4a665 elementor-section-boxed elementor-section-height-default elementor-section-height-default\" data-id=\"4c4a665\" data-element_type=\"section\" data-settings=\"{&quot;background_background&quot;:&quot;classic&quot;}\">\n\t\t\t\t\t\t<div class=\"elementor-container elementor-column-gap-default\">\n\t\t\t\t\t<div class=\"elementor-column elementor-col-50 elementor-top-column elementor-element elementor-element-ef0a831\" data-id=\"ef0a831\" data-element_type=\"column\">\n\t\t\t<div class=\"elementor-widget-wrap elementor-element-populated\">\n\t\t\t\t\t\t\t\t<div class=\"elementor-element elementor-element-01ce2f5 elementor-widget elementor-widget-image\" data-id=\"01ce2f5\" data-element_type=\"widget\" data-widget_type=\"image.default\">\n\t\t\t\t<div class=\"elementor-widget-container\">\n\t\t\t\t\t\t\t\t\t\t\t\t\t\t\t<img loading=\"lazy\" decoding=\"async\" width=\"640\" height=\"640\" src=\"https:\/\/cfcd.school\/new\/wp-content\/uploads\/2021\/08\/CarrePhotos-staff2-1024x1024.jpg\" class=\"attachment-large size-large\" alt=\"Mario Rizzo\" srcset=\"https:\/\/cfcd.school\/new\/wp-content\/uploads\/2021\/08\/CarrePhotos-staff2-1024x1024.jpg 1024w, https:\/\/cfcd.school\/new\/wp-content\/uploads\/2021\/08\/CarrePhotos-staff2-300x300.jpg 300w, https:\/\/cfcd.school\/new\/wp-content\/uploads\/2021\/08\/CarrePhotos-staff2-150x150.jpg 150w, https:\/\/cfcd.school\/new\/wp-content\/uploads\/2021\/08\/CarrePhotos-staff2-768x768.jpg 768w, https:\/\/cfcd.school\/new\/wp-content\/uploads\/2021\/08\/CarrePhotos-staff2-100x100.jpg 100w, https:\/\/cfcd.school\/new\/wp-content\/uploads\/2021\/08\/CarrePhotos-staff2.jpg 1067w\" sizes=\"auto, (max-width: 640px) 100vw, 640px\" \/>\t\t\t\t\t\t\t\t\t\t\t\t\t\t\t<\/div>\n\t\t\t\t<\/div>\n\t\t\t\t\t<\/div>\n\t\t<\/div>\n\t\t\t\t<div class=\"elementor-column elementor-col-50 elementor-top-column elementor-element elementor-element-7a6d3b7\" data-id=\"7a6d3b7\" data-element_type=\"column\">\n\t\t\t<div class=\"elementor-widget-wrap elementor-element-populated\">\n\t\t\t\t\t\t\t\t<div class=\"elementor-element elementor-element-e3bccbc elementor-widget elementor-widget-text-editor\" data-id=\"e3bccbc\" data-element_type=\"widget\" data-widget_type=\"text-editor.default\">\n\t\t\t\t<div class=\"elementor-widget-container\">\n\t\t\t\t\t\t\t\t<p>Mario, s&rsquo;est converti en 1987. Mari\u00e9 \u00e0 Christelle en 1997, ils ont eu une fille en 2005. \u00a0<\/p><p>Il a int\u00e9gr\u00e9 l&rsquo;\u00e9quipe pastorale de l&rsquo;\u00e9glise le Chandelier depuis 2007.<\/p><p>Dans le s\u00e9culier, il a \u00e9t\u00e9 responsable d&rsquo;\u00e9quipe sur une plateforme logistique et \u00e0 travaill\u00e9\u00a0\u00e9galement en tant qu&rsquo;acheteur dans le secteur BTP.<\/p><p>Membre du conseil d&rsquo;\u00e9cole depuis sa cr\u00e9ation, il encourage vivement chacun \u00e0 la formation biblique.<\/p>\t\t\t\t\t\t<\/div>\n\t\t\t\t<\/div>\n\t\t\t\t\t<\/div>\n\t\t<\/div>\n\t\t\t\t\t\t\t<\/div>\n\t\t<\/section>\n\t\t\t\t<section class=\"elementor-section elementor-top-section elementor-element elementor-element-e3b1800 elementor-section-boxed elementor-section-height-default elementor-section-height-default\" data-id=\"e3b1800\" data-element_type=\"section\">\n\t\t\t\t\t\t<div class=\"elementor-container elementor-column-gap-default\">\n\t\t\t\t\t<div class=\"elementor-column elementor-col-100 elementor-top-column elementor-element elementor-element-bea3464\" data-id=\"bea3464\" data-element_type=\"column\">\n\t\t\t<div class=\"elementor-widget-wrap elementor-element-populated\">\n\t\t\t\t\t\t\t\t<div class=\"elementor-element elementor-element-9cb28d5 elementor-align-left elementor-widget elementor-widget-button\" data-id=\"9cb28d5\" data-element_type=\"widget\" data-widget_type=\"button.default\">\n\t\t\t\t<div class=\"elementor-widget-container\">\n\t\t\t\t\t<div class=\"elementor-button-wrapper\">\n\t\t\t<a href=\"https:\/\/cfcd.school\/new\/lequipe-cfcd\/\" class=\"elementor-button-link elementor-button elementor-size-md\" role=\"button\">\n\t\t\t\t\t\t<span class=\"elementor-button-content-wrapper\">\n\t\t\t\t\t\t<span class=\"elementor-button-icon elementor-align-icon-left\">\n\t\t\t\t<i aria-hidden=\"true\" class=\"fas fa-arrow-left\"><\/i>\t\t\t<\/span>\n\t\t\t\t\t\t<span class=\"elementor-button-text\">Retrouvez toute l'\u00e9quipe du CFCD<\/span>\n\t\t<\/span>\n\t\t\t\t\t<\/a>\n\t\t<\/div>\n\t\t\t\t<\/div>\n\t\t\t\t<\/div>\n\t\t\t\t\t<\/div>\n\t\t<\/div>\n\t\t\t\t\t\t\t<\/div>\n\t\t<\/section>\n\t\t\t\t<section class=\"elementor-section elementor-top-section elementor-element elementor-element-a81c494 elementor-section-full_width elementor-section-height-default elementor-section-height-default\" data-id=\"a81c494\" data-element_type=\"section\">\n\t\t\t\t\t\t<div class=\"elementor-container elementor-column-gap-default\">\n\t\t\t\t\t<div class=\"elementor-column elementor-col-100 elementor-top-column elementor-element elementor-element-dae50b7\" data-id=\"dae50b7\" data-element_type=\"column\">\n\t\t\t<div class=\"elementor-widget-wrap elementor-element-populated\">\n\t\t\t\t\t\t\t\t<div class=\"elementor-element elementor-element-14a8e15 elementor-shape-circle elementor-grid-0 e-grid-align-center elementor-widget elementor-widget-social-icons\" data-id=\"14a8e15\" data-element_type=\"widget\" data-widget_type=\"social-icons.default\">\n\t\t\t\t<div class=\"elementor-widget-container\">\n\t\t\t\t\t<div class=\"elementor-social-icons-wrapper elementor-grid\">\n\t\t\t\t\t\t\t<div class=\"elementor-grid-item\">\n\t\t\t\t\t<a class=\"elementor-icon elementor-social-icon elementor-social-icon-facebook elementor-repeater-item-d009c98\" href=\"https:\/\/www.facebook.com\/CFCD-1686734374874634\" target=\"_blank\">\n\t\t\t\t\t\t<span class=\"elementor-screen-only\">Facebook<\/span>\n\t\t\t\t\t\t<i class=\"fab fa-facebook\"><\/i>\t\t\t\t\t<\/a>\n\t\t\t\t<\/div>\n\t\t\t\t\t\t\t<div class=\"elementor-grid-item\">\n\t\t\t\t\t<a class=\"elementor-icon elementor-social-icon elementor-social-icon-instagram elementor-repeater-item-ecf0835\" href=\"https:\/\/www.instagram.com\/cfcd_officiel\/\" target=\"_blank\">\n\t\t\t\t\t\t<span class=\"elementor-screen-only\">Instagram<\/span>\n\t\t\t\t\t\t<i class=\"fab fa-instagram\"><\/i>\t\t\t\t\t<\/a>\n\t\t\t\t<\/div>\n\t\t\t\t\t<\/div>\n\t\t\t\t<\/div>\n\t\t\t\t<\/div>\n\t\t\t\t<section class=\"elementor-section elementor-inner-section elementor-element elementor-element-f5bea74 elementor-section-full_width elementor-section-height-default elementor-section-height-default\" data-id=\"f5bea74\" data-element_type=\"section\" data-settings=\"{&quot;background_background&quot;:&quot;classic&quot;}\">\n\t\t\t\t\t\t<div class=\"elementor-container elementor-column-gap-extended\">\n\t\t\t\t\t<div class=\"elementor-column elementor-col-33 elementor-inner-column elementor-element elementor-element-327c7ad\" data-id=\"327c7ad\" data-element_type=\"column\">\n\t\t\t<div class=\"elementor-widget-wrap elementor-element-populated\">\n\t\t\t\t\t\t\t\t<div class=\"elementor-element elementor-element-2995145 elementor-align-center elementor-widget elementor-widget-button\" data-id=\"2995145\" data-element_type=\"widget\" data-widget_type=\"button.default\">\n\t\t\t\t<div class=\"elementor-widget-container\">\n\t\t\t\t\t<div class=\"elementor-button-wrapper\">\n\t\t\t<a href=\"https:\/\/cfcd.school\/new\/sinscrire\/\" class=\"elementor-button-link elementor-button elementor-size-sm\" role=\"button\">\n\t\t\t\t\t\t<span class=\"elementor-button-content-wrapper\">\n\t\t\t\t\t\t<span class=\"elementor-button-text\">S'inscrire<\/span>\n\t\t<\/span>\n\t\t\t\t\t<\/a>\n\t\t<\/div>\n\t\t\t\t<\/div>\n\t\t\t\t<\/div>\n\t\t\t\t\t<\/div>\n\t\t<\/div>\n\t\t\t\t<div class=\"elementor-column elementor-col-33 elementor-inner-column elementor-element elementor-element-448d4a1\" data-id=\"448d4a1\" data-element_type=\"column\">\n\t\t\t<div class=\"elementor-widget-wrap elementor-element-populated\">\n\t\t\t\t\t\t\t\t<div class=\"elementor-element elementor-element-80ddbf3 elementor-align-center elementor-widget elementor-widget-button\" data-id=\"80ddbf3\" data-element_type=\"widget\" data-widget_type=\"button.default\">\n\t\t\t\t<div class=\"elementor-widget-container\">\n\t\t\t\t\t<div class=\"elementor-button-wrapper\">\n\t\t\t<a href=\"https:\/\/cfcd.school\/new\/contact\/\" class=\"elementor-button-link elementor-button elementor-size-sm\" role=\"button\">\n\t\t\t\t\t\t<span class=\"elementor-button-content-wrapper\">\n\t\t\t\t\t\t<span class=\"elementor-button-text\">Nous contacter<\/span>\n\t\t<\/span>\n\t\t\t\t\t<\/a>\n\t\t<\/div>\n\t\t\t\t<\/div>\n\t\t\t\t<\/div>\n\t\t\t\t\t<\/div>\n\t\t<\/div>\n\t\t\t\t<div class=\"elementor-column elementor-col-33 elementor-inner-column elementor-element elementor-element-26550f8\" data-id=\"26550f8\" data-element_type=\"column\">\n\t\t\t<div class=\"elementor-widget-wrap elementor-element-populated\">\n\t\t\t\t\t\t\t\t<div class=\"elementor-element elementor-element-f9a950f elementor-align-center elementor-widget elementor-widget-button\" data-id=\"f9a950f\" data-element_type=\"widget\" data-widget_type=\"button.default\">\n\t\t\t\t<div class=\"elementor-widget-container\">\n\t\t\t\t\t<div class=\"elementor-button-wrapper\">\n\t\t\t<a href=\"https:\/\/cfcd.school\/new\/soutenir-le-cfcd\/\" class=\"elementor-button-link elementor-button elementor-size-sm\" role=\"button\">\n\t\t\t\t\t\t<span class=\"elementor-button-content-wrapper\">\n\t\t\t\t\t\t<span class=\"elementor-button-text\">Soutenir le CFCD<\/span>\n\t\t<\/span>\n\t\t\t\t\t<\/a>\n\t\t<\/div>\n\t\t\t\t<\/div>\n\t\t\t\t<\/div>\n\t\t\t\t\t<\/div>\n\t\t<\/div>\n\t\t\t\t\t\t\t<\/div>\n\t\t<\/section>\n\t\t\t\t\t<\/div>\n\t\t<\/div>\n\t\t\t\t\t\t\t<\/div>\n\t\t<\/section>\n\t\t\t\t\t\t<\/div>\n\t\t\t\t\t<\/div>\n\t\t","protected":false},"excerpt":{"rendered":"<p>mario rizzo Membre du conseil d&rsquo;\u00e9cole Mario, s&rsquo;est converti en 1987. Mari\u00e9 \u00e0 Christelle en 1997, ils ont eu une fille en 2005. \u00a0 Il a int\u00e9gr\u00e9 l&rsquo;\u00e9quipe pastorale de l&rsquo;\u00e9glise le Chandelier depuis 2007. Dans le s\u00e9culier, il a \u00e9t\u00e9 responsable d&rsquo;\u00e9quipe sur une plateforme logistique et \u00e0 travaill\u00e9\u00a0\u00e9galement en tant qu&rsquo;acheteur dans le [&hellip;]<\/p>\n","protected":false},"author":2,"featured_media":0,"parent":238,"menu_order":0,"comment_status":"closed","ping_status":"closed","template":"","meta":{"footnotes":""},"class_list":["post-489","page","type-page","status-publish","hentry"],"_links":{"self":[{"href":"https:\/\/cfcd.school\/new\/wp-json\/wp\/v2\/pages\/489","targetHints":{"allow":["GET"]}}],"collection":[{"href":"https:\/\/cfcd.school\/new\/wp-json\/wp\/v2\/pages"}],"about":[{"href":"https:\/\/cfcd.school\/new\/wp-json\/wp\/v2\/types\/page"}],"author":[{"embeddable":true,"href":"https:\/\/cfcd.school\/new\/wp-json\/wp\/v2\/users\/2"}],"replies":[{"embeddable":true,"href":"https:\/\/cfcd.school\/new\/wp-json\/wp\/v2\/comments?post=489"}],"version-history":[{"count":13,"href":"https:\/\/cfcd.school\/new\/wp-json\/wp\/v2\/pages\/489\/revisions"}],"predecessor-version":[{"id":1154,"href":"https:\/\/cfcd.school\/new\/wp-json\/wp\/v2\/pages\/489\/revisions\/1154"}],"up":[{"embeddable":true,"href":"https:\/\/cfcd.school\/new\/wp-json\/wp\/v2\/pages\/238"}],"wp:attachment":[{"href":"https:\/\/cfcd.school\/new\/wp-json\/wp\/v2\/media?parent=489"}],"curies":[{"name":"wp","href":"https:\/\/api.w.org\/{rel}","templated":true}]}}