{"id":487,"date":"2021-05-25T13:24:34","date_gmt":"2021-05-25T13:24:34","guid":{"rendered":"https:\/\/cfcd.school\/new\/?page_id=487"},"modified":"2021-08-30T12:43:58","modified_gmt":"2021-08-30T12:43:58","slug":"profil-thomas-hermand","status":"publish","type":"page","link":"https:\/\/cfcd.school\/new\/lequipe-cfcd\/profil-thomas-hermand\/","title":{"rendered":"Profil Thomas HERMAND"},"content":{"rendered":"\t\t<div data-elementor-type=\"wp-page\" data-elementor-id=\"487\" class=\"elementor elementor-487\" data-elementor-settings=\"[]\">\n\t\t\t\t\t\t\t<div class=\"elementor-section-wrap\">\n\t\t\t\t\t\t\t<section class=\"elementor-section elementor-top-section elementor-element elementor-element-14b93ef elementor-section-boxed elementor-section-height-default elementor-section-height-default\" data-id=\"14b93ef\" data-element_type=\"section\">\n\t\t\t\t\t\t<div class=\"elementor-container elementor-column-gap-default\">\n\t\t\t\t\t<div class=\"elementor-column elementor-col-100 elementor-top-column elementor-element elementor-element-da1e53b\" data-id=\"da1e53b\" data-element_type=\"column\">\n\t\t\t<div class=\"elementor-widget-wrap elementor-element-populated\">\n\t\t\t\t\t\t\t\t<div class=\"elementor-element elementor-element-4d253c2 elementor-widget elementor-widget-heading\" data-id=\"4d253c2\" data-element_type=\"widget\" data-widget_type=\"heading.default\">\n\t\t\t\t<div class=\"elementor-widget-container\">\n\t\t\t<h2 class=\"elementor-heading-title elementor-size-default\">thomas hermand<\/h2>\t\t<\/div>\n\t\t\t\t<\/div>\n\t\t\t\t<div class=\"elementor-element elementor-element-a5a65e8 elementor-widget elementor-widget-heading\" data-id=\"a5a65e8\" data-element_type=\"widget\" data-widget_type=\"heading.default\">\n\t\t\t\t<div class=\"elementor-widget-container\">\n\t\t\t<h2 class=\"elementor-heading-title elementor-size-default\">Coordinateur et directeur du CFCD<\/h2>\t\t<\/div>\n\t\t\t\t<\/div>\n\t\t\t\t\t<\/div>\n\t\t<\/div>\n\t\t\t\t\t\t\t<\/div>\n\t\t<\/section>\n\t\t\t\t<section class=\"elementor-section elementor-top-section elementor-element elementor-element-4c4a665 elementor-section-boxed elementor-section-height-default elementor-section-height-default\" data-id=\"4c4a665\" data-element_type=\"section\" data-settings=\"{&quot;background_background&quot;:&quot;classic&quot;}\">\n\t\t\t\t\t\t<div class=\"elementor-container elementor-column-gap-default\">\n\t\t\t\t\t<div class=\"elementor-column elementor-col-50 elementor-top-column elementor-element elementor-element-ef0a831\" data-id=\"ef0a831\" data-element_type=\"column\">\n\t\t\t<div class=\"elementor-widget-wrap elementor-element-populated\">\n\t\t\t\t\t\t\t\t<div class=\"elementor-element elementor-element-01ce2f5 elementor-widget elementor-widget-image\" data-id=\"01ce2f5\" data-element_type=\"widget\" data-widget_type=\"image.default\">\n\t\t\t\t<div class=\"elementor-widget-container\">\n\t\t\t\t\t\t\t\t\t\t\t\t\t\t\t<img loading=\"lazy\" decoding=\"async\" width=\"640\" height=\"640\" src=\"https:\/\/cfcd.school\/new\/wp-content\/uploads\/2021\/08\/CarrePhotos-staff8-1024x1024.jpg\" class=\"attachment-large size-large\" alt=\"Thomas Hermand\" srcset=\"https:\/\/cfcd.school\/new\/wp-content\/uploads\/2021\/08\/CarrePhotos-staff8-1024x1024.jpg 1024w, https:\/\/cfcd.school\/new\/wp-content\/uploads\/2021\/08\/CarrePhotos-staff8-300x300.jpg 300w, https:\/\/cfcd.school\/new\/wp-content\/uploads\/2021\/08\/CarrePhotos-staff8-150x150.jpg 150w, https:\/\/cfcd.school\/new\/wp-content\/uploads\/2021\/08\/CarrePhotos-staff8-768x768.jpg 768w, https:\/\/cfcd.school\/new\/wp-content\/uploads\/2021\/08\/CarrePhotos-staff8-100x100.jpg 100w, https:\/\/cfcd.school\/new\/wp-content\/uploads\/2021\/08\/CarrePhotos-staff8.jpg 1067w\" sizes=\"auto, (max-width: 640px) 100vw, 640px\" \/>\t\t\t\t\t\t\t\t\t\t\t\t\t\t\t<\/div>\n\t\t\t\t<\/div>\n\t\t\t\t\t<\/div>\n\t\t<\/div>\n\t\t\t\t<div class=\"elementor-column elementor-col-50 elementor-top-column elementor-element elementor-element-7a6d3b7\" data-id=\"7a6d3b7\" data-element_type=\"column\">\n\t\t\t<div class=\"elementor-widget-wrap elementor-element-populated\">\n\t\t\t\t\t\t\t\t<div class=\"elementor-element elementor-element-e3bccbc elementor-widget elementor-widget-text-editor\" data-id=\"e3bccbc\" data-element_type=\"widget\" data-widget_type=\"text-editor.default\">\n\t\t\t\t<div class=\"elementor-widget-container\">\n\t\t\t\t\t\t\t\t<p>Thomas est mari\u00e9 \u00e0 L\u00e9a depuis 2014 et Papa trentenaire de 3 jeunes enfants. N\u00e9 dans une famille chr\u00e9tienne et dont les parents ont toujours servi\u00a0le Seigneur, il rencontre J\u00e9sus d\u00e8s son plus jeune \u00e2ge a \u00e0 c\u0153ur d&rsquo;\u0153uvrer pour le Royaume de Dieu. Il se fait baptiser \u00e0 l&rsquo;\u00e2ge de 14 ans et son temps libre se r\u00e9sume \u00e0 faire de la natation et servir dans l&rsquo;\u00e9glise locale \u00e0 laquelle il appartient, en Haute-Marne.\u00a0<\/p><p>Il d\u00e9m\u00e9nage \u00e0 Grenoble \u00e0 18 ans, pour obtenir son dipl\u00f4me de STAPS 3 ans plus tard. Et d\u00e8s son arriv\u00e9e, il s&rsquo;implique dans la vie de l&rsquo;\u00e9glise du Chandelier, \u00e0 Grenoble. Il commence\u00a0notamment en servant parmi la jeunesse pendant de nombreuses ann\u00e9es, avec une partie r\u00e9mun\u00e9r\u00e9e les derniers temps, tout en gardant un travail s\u00e9culier \u00e0 temps partiel, comme Conseiller d&rsquo;Education puis comme Intervenant Sportif. C&rsquo;est durant cette p\u00e9riode que Thomas commence \u00e0 d\u00e9velopper la pr\u00e9dication et le leadership. Tr\u00e8s vite, Dieu lui met \u00e0 c\u0153ur de d\u00e9velopper la formation et Thomas int\u00e8gre le Conseil du CFCD en 2013. Ce qui lui tient\u00a0\u00e0 c\u0153ur: d\u00e9velopper diff\u00e9rentes formations pour permettre aux personnes de tous \u00e2ges et de tous horizons de se former et de devenir des disciples affermis, dans l&rsquo;\u00e9glise locale et dans toute la France. Enseignant lui-m\u00eame plusieurs cours, il se forme \u00e9galement\u00a0pour d\u00e9velopper ses connaissances et sa compr\u00e9hension de qui Dieu est et de ce qu&rsquo;il veut transmettre \u00e0 ses enfants.<\/p><p>C&rsquo;est pour cela que depuis 2016, il est r\u00e9mun\u00e9r\u00e9 \u00e0 temps partiel par le CFCD.<\/p><p>Thomas et L\u00e9a sont tous deux membres du Conseil des Anciens de l&rsquo;\u00e9glise du Chandelier. \u00ab\u00a0<\/p>\t\t\t\t\t\t<\/div>\n\t\t\t\t<\/div>\n\t\t\t\t\t<\/div>\n\t\t<\/div>\n\t\t\t\t\t\t\t<\/div>\n\t\t<\/section>\n\t\t\t\t<section class=\"elementor-section elementor-top-section elementor-element elementor-element-e3b1800 elementor-section-boxed elementor-section-height-default elementor-section-height-default\" data-id=\"e3b1800\" data-element_type=\"section\">\n\t\t\t\t\t\t<div class=\"elementor-container elementor-column-gap-default\">\n\t\t\t\t\t<div class=\"elementor-column elementor-col-100 elementor-top-column elementor-element elementor-element-bea3464\" data-id=\"bea3464\" data-element_type=\"column\">\n\t\t\t<div class=\"elementor-widget-wrap elementor-element-populated\">\n\t\t\t\t\t\t\t\t<div class=\"elementor-element elementor-element-9cb28d5 elementor-align-left elementor-widget elementor-widget-button\" data-id=\"9cb28d5\" data-element_type=\"widget\" data-widget_type=\"button.default\">\n\t\t\t\t<div class=\"elementor-widget-container\">\n\t\t\t\t\t<div class=\"elementor-button-wrapper\">\n\t\t\t<a href=\"https:\/\/cfcd.school\/new\/lequipe-cfcd\/\" class=\"elementor-button-link elementor-button elementor-size-md\" role=\"button\">\n\t\t\t\t\t\t<span class=\"elementor-button-content-wrapper\">\n\t\t\t\t\t\t<span class=\"elementor-button-icon elementor-align-icon-left\">\n\t\t\t\t<i aria-hidden=\"true\" class=\"fas fa-arrow-left\"><\/i>\t\t\t<\/span>\n\t\t\t\t\t\t<span class=\"elementor-button-text\">Retrouvez toute l'\u00e9quipe du CFCD<\/span>\n\t\t<\/span>\n\t\t\t\t\t<\/a>\n\t\t<\/div>\n\t\t\t\t<\/div>\n\t\t\t\t<\/div>\n\t\t\t\t\t<\/div>\n\t\t<\/div>\n\t\t\t\t\t\t\t<\/div>\n\t\t<\/section>\n\t\t\t\t<section class=\"elementor-section elementor-top-section elementor-element elementor-element-879b2c0 elementor-section-full_width elementor-section-height-default elementor-section-height-default\" data-id=\"879b2c0\" data-element_type=\"section\">\n\t\t\t\t\t\t<div class=\"elementor-container elementor-column-gap-default\">\n\t\t\t\t\t<div class=\"elementor-column elementor-col-100 elementor-top-column elementor-element elementor-element-2adb5d7\" data-id=\"2adb5d7\" data-element_type=\"column\">\n\t\t\t<div class=\"elementor-widget-wrap elementor-element-populated\">\n\t\t\t\t\t\t\t\t<div class=\"elementor-element elementor-element-a5c3f7a elementor-shape-circle elementor-grid-0 e-grid-align-center elementor-widget elementor-widget-social-icons\" data-id=\"a5c3f7a\" data-element_type=\"widget\" data-widget_type=\"social-icons.default\">\n\t\t\t\t<div class=\"elementor-widget-container\">\n\t\t\t\t\t<div class=\"elementor-social-icons-wrapper elementor-grid\">\n\t\t\t\t\t\t\t<div class=\"elementor-grid-item\">\n\t\t\t\t\t<a class=\"elementor-icon elementor-social-icon elementor-social-icon-facebook elementor-repeater-item-d009c98\" href=\"https:\/\/www.facebook.com\/CFCD-1686734374874634\" target=\"_blank\">\n\t\t\t\t\t\t<span class=\"elementor-screen-only\">Facebook<\/span>\n\t\t\t\t\t\t<i class=\"fab fa-facebook\"><\/i>\t\t\t\t\t<\/a>\n\t\t\t\t<\/div>\n\t\t\t\t\t\t\t<div class=\"elementor-grid-item\">\n\t\t\t\t\t<a class=\"elementor-icon elementor-social-icon elementor-social-icon-instagram elementor-repeater-item-ecf0835\" href=\"https:\/\/www.instagram.com\/cfcd_officiel\/\" target=\"_blank\">\n\t\t\t\t\t\t<span class=\"elementor-screen-only\">Instagram<\/span>\n\t\t\t\t\t\t<i class=\"fab fa-instagram\"><\/i>\t\t\t\t\t<\/a>\n\t\t\t\t<\/div>\n\t\t\t\t\t<\/div>\n\t\t\t\t<\/div>\n\t\t\t\t<\/div>\n\t\t\t\t<section class=\"elementor-section elementor-inner-section elementor-element elementor-element-15c9de1 elementor-section-full_width elementor-section-height-default elementor-section-height-default\" data-id=\"15c9de1\" data-element_type=\"section\" data-settings=\"{&quot;background_background&quot;:&quot;classic&quot;}\">\n\t\t\t\t\t\t<div class=\"elementor-container elementor-column-gap-extended\">\n\t\t\t\t\t<div class=\"elementor-column elementor-col-33 elementor-inner-column elementor-element elementor-element-91b24c9\" data-id=\"91b24c9\" data-element_type=\"column\">\n\t\t\t<div class=\"elementor-widget-wrap elementor-element-populated\">\n\t\t\t\t\t\t\t\t<div class=\"elementor-element elementor-element-6864267 elementor-align-center elementor-widget elementor-widget-button\" data-id=\"6864267\" data-element_type=\"widget\" data-widget_type=\"button.default\">\n\t\t\t\t<div class=\"elementor-widget-container\">\n\t\t\t\t\t<div class=\"elementor-button-wrapper\">\n\t\t\t<a href=\"https:\/\/cfcd.school\/new\/sinscrire\/\" class=\"elementor-button-link elementor-button elementor-size-sm\" role=\"button\">\n\t\t\t\t\t\t<span class=\"elementor-button-content-wrapper\">\n\t\t\t\t\t\t<span class=\"elementor-button-text\">S'inscrire<\/span>\n\t\t<\/span>\n\t\t\t\t\t<\/a>\n\t\t<\/div>\n\t\t\t\t<\/div>\n\t\t\t\t<\/div>\n\t\t\t\t\t<\/div>\n\t\t<\/div>\n\t\t\t\t<div class=\"elementor-column elementor-col-33 elementor-inner-column elementor-element elementor-element-fcc6cc9\" data-id=\"fcc6cc9\" data-element_type=\"column\">\n\t\t\t<div class=\"elementor-widget-wrap elementor-element-populated\">\n\t\t\t\t\t\t\t\t<div class=\"elementor-element elementor-element-93f0725 elementor-align-center elementor-widget elementor-widget-button\" data-id=\"93f0725\" data-element_type=\"widget\" data-widget_type=\"button.default\">\n\t\t\t\t<div class=\"elementor-widget-container\">\n\t\t\t\t\t<div class=\"elementor-button-wrapper\">\n\t\t\t<a href=\"https:\/\/cfcd.school\/new\/contact\/\" class=\"elementor-button-link elementor-button elementor-size-sm\" role=\"button\">\n\t\t\t\t\t\t<span class=\"elementor-button-content-wrapper\">\n\t\t\t\t\t\t<span class=\"elementor-button-text\">Nous contacter<\/span>\n\t\t<\/span>\n\t\t\t\t\t<\/a>\n\t\t<\/div>\n\t\t\t\t<\/div>\n\t\t\t\t<\/div>\n\t\t\t\t\t<\/div>\n\t\t<\/div>\n\t\t\t\t<div class=\"elementor-column elementor-col-33 elementor-inner-column elementor-element elementor-element-c9c4d16\" data-id=\"c9c4d16\" data-element_type=\"column\">\n\t\t\t<div class=\"elementor-widget-wrap elementor-element-populated\">\n\t\t\t\t\t\t\t\t<div class=\"elementor-element elementor-element-592a131 elementor-align-center elementor-widget elementor-widget-button\" data-id=\"592a131\" data-element_type=\"widget\" data-widget_type=\"button.default\">\n\t\t\t\t<div class=\"elementor-widget-container\">\n\t\t\t\t\t<div class=\"elementor-button-wrapper\">\n\t\t\t<a href=\"https:\/\/cfcd.school\/new\/soutenir-le-cfcd\/\" class=\"elementor-button-link elementor-button elementor-size-sm\" role=\"button\">\n\t\t\t\t\t\t<span class=\"elementor-button-content-wrapper\">\n\t\t\t\t\t\t<span class=\"elementor-button-text\">Soutenir le CFCD<\/span>\n\t\t<\/span>\n\t\t\t\t\t<\/a>\n\t\t<\/div>\n\t\t\t\t<\/div>\n\t\t\t\t<\/div>\n\t\t\t\t\t<\/div>\n\t\t<\/div>\n\t\t\t\t\t\t\t<\/div>\n\t\t<\/section>\n\t\t\t\t\t<\/div>\n\t\t<\/div>\n\t\t\t\t\t\t\t<\/div>\n\t\t<\/section>\n\t\t\t\t\t\t<\/div>\n\t\t\t\t\t<\/div>\n\t\t","protected":false},"excerpt":{"rendered":"<p>thomas hermand Coordinateur et directeur du CFCD Thomas est mari\u00e9 \u00e0 L\u00e9a depuis 2014 et Papa trentenaire de 3 jeunes enfants. N\u00e9 dans une famille chr\u00e9tienne et dont les parents ont toujours servi\u00a0le Seigneur, il rencontre J\u00e9sus d\u00e8s son plus jeune \u00e2ge a \u00e0 c\u0153ur d&rsquo;\u0153uvrer pour le Royaume de Dieu. Il se fait baptiser [&hellip;]<\/p>\n","protected":false},"author":2,"featured_media":0,"parent":238,"menu_order":0,"comment_status":"closed","ping_status":"closed","template":"","meta":{"footnotes":""},"class_list":["post-487","page","type-page","status-publish","hentry"],"_links":{"self":[{"href":"https:\/\/cfcd.school\/new\/wp-json\/wp\/v2\/pages\/487","targetHints":{"allow":["GET"]}}],"collection":[{"href":"https:\/\/cfcd.school\/new\/wp-json\/wp\/v2\/pages"}],"about":[{"href":"https:\/\/cfcd.school\/new\/wp-json\/wp\/v2\/types\/page"}],"author":[{"embeddable":true,"href":"https:\/\/cfcd.school\/new\/wp-json\/wp\/v2\/users\/2"}],"replies":[{"embeddable":true,"href":"https:\/\/cfcd.school\/new\/wp-json\/wp\/v2\/comments?post=487"}],"version-history":[{"count":13,"href":"https:\/\/cfcd.school\/new\/wp-json\/wp\/v2\/pages\/487\/revisions"}],"predecessor-version":[{"id":1151,"href":"https:\/\/cfcd.school\/new\/wp-json\/wp\/v2\/pages\/487\/revisions\/1151"}],"up":[{"embeddable":true,"href":"https:\/\/cfcd.school\/new\/wp-json\/wp\/v2\/pages\/238"}],"wp:attachment":[{"href":"https:\/\/cfcd.school\/new\/wp-json\/wp\/v2\/media?parent=487"}],"curies":[{"name":"wp","href":"https:\/\/api.w.org\/{rel}","templated":true}]}}