{"id":417,"date":"2021-05-25T12:08:41","date_gmt":"2021-05-25T12:08:41","guid":{"rendered":"https:\/\/cfcd.school\/new\/?page_id=417"},"modified":"2021-08-30T12:43:23","modified_gmt":"2021-08-30T12:43:23","slug":"profil-pierre-albrecht","status":"publish","type":"page","link":"https:\/\/cfcd.school\/new\/lequipe-cfcd\/profil-pierre-albrecht\/","title":{"rendered":"Profil Pierre ALBRECHT"},"content":{"rendered":"\t\t<div data-elementor-type=\"wp-page\" data-elementor-id=\"417\" class=\"elementor elementor-417\" data-elementor-settings=\"[]\">\n\t\t\t\t\t\t\t<div class=\"elementor-section-wrap\">\n\t\t\t\t\t\t\t<section class=\"elementor-section elementor-top-section elementor-element elementor-element-14b93ef elementor-section-boxed elementor-section-height-default elementor-section-height-default\" data-id=\"14b93ef\" data-element_type=\"section\">\n\t\t\t\t\t\t<div class=\"elementor-container elementor-column-gap-default\">\n\t\t\t\t\t<div class=\"elementor-column elementor-col-100 elementor-top-column elementor-element elementor-element-da1e53b\" data-id=\"da1e53b\" data-element_type=\"column\">\n\t\t\t<div class=\"elementor-widget-wrap elementor-element-populated\">\n\t\t\t\t\t\t\t\t<div class=\"elementor-element elementor-element-4d253c2 elementor-widget elementor-widget-heading\" data-id=\"4d253c2\" data-element_type=\"widget\" data-widget_type=\"heading.default\">\n\t\t\t\t<div class=\"elementor-widget-container\">\n\t\t\t<h2 class=\"elementor-heading-title elementor-size-default\">Pierre ALBREChT<\/h2>\t\t<\/div>\n\t\t\t\t<\/div>\n\t\t\t\t<div class=\"elementor-element elementor-element-a5a65e8 elementor-widget elementor-widget-heading\" data-id=\"a5a65e8\" data-element_type=\"widget\" data-widget_type=\"heading.default\">\n\t\t\t\t<div class=\"elementor-widget-container\">\n\t\t\t<h2 class=\"elementor-heading-title elementor-size-default\">Responsable p\u00e9dagogique et pastoral<\/h2>\t\t<\/div>\n\t\t\t\t<\/div>\n\t\t\t\t\t<\/div>\n\t\t<\/div>\n\t\t\t\t\t\t\t<\/div>\n\t\t<\/section>\n\t\t\t\t<section class=\"elementor-section elementor-top-section elementor-element elementor-element-4c4a665 elementor-section-boxed elementor-section-height-default elementor-section-height-default\" data-id=\"4c4a665\" data-element_type=\"section\" data-settings=\"{&quot;background_background&quot;:&quot;classic&quot;}\">\n\t\t\t\t\t\t<div class=\"elementor-container elementor-column-gap-default\">\n\t\t\t\t\t<div class=\"elementor-column elementor-col-50 elementor-top-column elementor-element elementor-element-ef0a831\" data-id=\"ef0a831\" data-element_type=\"column\">\n\t\t\t<div class=\"elementor-widget-wrap elementor-element-populated\">\n\t\t\t\t\t\t\t\t<div class=\"elementor-element elementor-element-01ce2f5 elementor-widget elementor-widget-image\" data-id=\"01ce2f5\" data-element_type=\"widget\" data-widget_type=\"image.default\">\n\t\t\t\t<div class=\"elementor-widget-container\">\n\t\t\t\t\t\t\t\t\t\t\t\t\t\t\t<img loading=\"lazy\" decoding=\"async\" width=\"640\" height=\"640\" src=\"https:\/\/cfcd.school\/new\/wp-content\/uploads\/2021\/08\/CarrePhotos-staff7-1024x1024.jpg\" class=\"attachment-large size-large\" alt=\"Pierre Albrecht\" srcset=\"https:\/\/cfcd.school\/new\/wp-content\/uploads\/2021\/08\/CarrePhotos-staff7-1024x1024.jpg 1024w, https:\/\/cfcd.school\/new\/wp-content\/uploads\/2021\/08\/CarrePhotos-staff7-300x300.jpg 300w, https:\/\/cfcd.school\/new\/wp-content\/uploads\/2021\/08\/CarrePhotos-staff7-150x150.jpg 150w, https:\/\/cfcd.school\/new\/wp-content\/uploads\/2021\/08\/CarrePhotos-staff7-768x768.jpg 768w, https:\/\/cfcd.school\/new\/wp-content\/uploads\/2021\/08\/CarrePhotos-staff7-100x100.jpg 100w, https:\/\/cfcd.school\/new\/wp-content\/uploads\/2021\/08\/CarrePhotos-staff7.jpg 1067w\" sizes=\"auto, (max-width: 640px) 100vw, 640px\" \/>\t\t\t\t\t\t\t\t\t\t\t\t\t\t\t<\/div>\n\t\t\t\t<\/div>\n\t\t\t\t\t<\/div>\n\t\t<\/div>\n\t\t\t\t<div class=\"elementor-column elementor-col-50 elementor-top-column elementor-element elementor-element-7a6d3b7\" data-id=\"7a6d3b7\" data-element_type=\"column\">\n\t\t\t<div class=\"elementor-widget-wrap elementor-element-populated\">\n\t\t\t\t\t\t\t\t<div class=\"elementor-element elementor-element-e3bccbc elementor-widget elementor-widget-text-editor\" data-id=\"e3bccbc\" data-element_type=\"widget\" data-widget_type=\"text-editor.default\">\n\t\t\t\t<div class=\"elementor-widget-container\">\n\t\t\t\t\t\t\t\t<p style=\"font-weight: 400;\">N\u00e9 en 1960, Pierre est mari\u00e9 \u00e0 Sylvie depuis 35 ans, et sont parents de 3 gar\u00e7ons.<\/p><p style=\"font-weight: 400;\">Il exerce dans le domaine s\u00e9culier\u00a0le m\u00e9tier de formateur et psycho-praticien.<\/p><p style=\"font-weight: 400;\">Converti depuis 1980 en lisant la parole de Dieu, Pierre est passionn\u00e9 par les \u00e9critures. Il a suivi diff\u00e9rentes formations bibliques dont les langues bibliques, qui l\u2019ont conduit \u00e0 devenir Pasteur enseignant.<\/p><p style=\"font-weight: 400;\">Il a \u00e9galement ouvert une \u0153uvre pionni\u00e8re avec son \u00e9pouse dans laquelle ils ont exerc\u00e9 un minist\u00e8re pastorale pendant 23 ans.<\/p>\t\t\t\t\t\t<\/div>\n\t\t\t\t<\/div>\n\t\t\t\t\t<\/div>\n\t\t<\/div>\n\t\t\t\t\t\t\t<\/div>\n\t\t<\/section>\n\t\t\t\t<section class=\"elementor-section elementor-top-section elementor-element elementor-element-e3b1800 elementor-section-boxed elementor-section-height-default elementor-section-height-default\" data-id=\"e3b1800\" data-element_type=\"section\">\n\t\t\t\t\t\t<div class=\"elementor-container elementor-column-gap-default\">\n\t\t\t\t\t<div class=\"elementor-column elementor-col-100 elementor-top-column elementor-element elementor-element-bea3464\" data-id=\"bea3464\" data-element_type=\"column\">\n\t\t\t<div class=\"elementor-widget-wrap elementor-element-populated\">\n\t\t\t\t\t\t\t\t<div class=\"elementor-element elementor-element-9cb28d5 elementor-align-left elementor-widget elementor-widget-button\" data-id=\"9cb28d5\" data-element_type=\"widget\" data-widget_type=\"button.default\">\n\t\t\t\t<div class=\"elementor-widget-container\">\n\t\t\t\t\t<div class=\"elementor-button-wrapper\">\n\t\t\t<a href=\"https:\/\/cfcd.school\/new\/lequipe-cfcd\/\" class=\"elementor-button-link elementor-button elementor-size-md\" role=\"button\">\n\t\t\t\t\t\t<span class=\"elementor-button-content-wrapper\">\n\t\t\t\t\t\t<span class=\"elementor-button-icon elementor-align-icon-left\">\n\t\t\t\t<i aria-hidden=\"true\" class=\"fas fa-arrow-left\"><\/i>\t\t\t<\/span>\n\t\t\t\t\t\t<span class=\"elementor-button-text\">Retrouvez toute l'\u00e9quipe du CFCD<\/span>\n\t\t<\/span>\n\t\t\t\t\t<\/a>\n\t\t<\/div>\n\t\t\t\t<\/div>\n\t\t\t\t<\/div>\n\t\t\t\t\t<\/div>\n\t\t<\/div>\n\t\t\t\t\t\t\t<\/div>\n\t\t<\/section>\n\t\t\t\t<section class=\"elementor-section elementor-top-section elementor-element elementor-element-aede74a elementor-section-full_width elementor-section-height-default elementor-section-height-default\" data-id=\"aede74a\" data-element_type=\"section\">\n\t\t\t\t\t\t<div class=\"elementor-container elementor-column-gap-default\">\n\t\t\t\t\t<div class=\"elementor-column elementor-col-100 elementor-top-column elementor-element elementor-element-2a96938\" data-id=\"2a96938\" data-element_type=\"column\">\n\t\t\t<div class=\"elementor-widget-wrap elementor-element-populated\">\n\t\t\t\t\t\t\t\t<div class=\"elementor-element elementor-element-af5739c elementor-shape-circle elementor-grid-0 e-grid-align-center elementor-widget elementor-widget-social-icons\" data-id=\"af5739c\" data-element_type=\"widget\" data-widget_type=\"social-icons.default\">\n\t\t\t\t<div class=\"elementor-widget-container\">\n\t\t\t\t\t<div class=\"elementor-social-icons-wrapper elementor-grid\">\n\t\t\t\t\t\t\t<div class=\"elementor-grid-item\">\n\t\t\t\t\t<a class=\"elementor-icon elementor-social-icon elementor-social-icon-facebook elementor-repeater-item-d009c98\" href=\"https:\/\/www.facebook.com\/CFCD-1686734374874634\" target=\"_blank\">\n\t\t\t\t\t\t<span class=\"elementor-screen-only\">Facebook<\/span>\n\t\t\t\t\t\t<i class=\"fab fa-facebook\"><\/i>\t\t\t\t\t<\/a>\n\t\t\t\t<\/div>\n\t\t\t\t\t\t\t<div class=\"elementor-grid-item\">\n\t\t\t\t\t<a class=\"elementor-icon elementor-social-icon elementor-social-icon-instagram elementor-repeater-item-ecf0835\" href=\"https:\/\/www.instagram.com\/cfcd_officiel\/\" target=\"_blank\">\n\t\t\t\t\t\t<span class=\"elementor-screen-only\">Instagram<\/span>\n\t\t\t\t\t\t<i class=\"fab fa-instagram\"><\/i>\t\t\t\t\t<\/a>\n\t\t\t\t<\/div>\n\t\t\t\t\t<\/div>\n\t\t\t\t<\/div>\n\t\t\t\t<\/div>\n\t\t\t\t<section class=\"elementor-section elementor-inner-section elementor-element elementor-element-4107ea2 elementor-section-full_width elementor-section-height-default elementor-section-height-default\" data-id=\"4107ea2\" data-element_type=\"section\" data-settings=\"{&quot;background_background&quot;:&quot;classic&quot;}\">\n\t\t\t\t\t\t<div class=\"elementor-container elementor-column-gap-extended\">\n\t\t\t\t\t<div class=\"elementor-column elementor-col-33 elementor-inner-column elementor-element elementor-element-2bee4be\" data-id=\"2bee4be\" data-element_type=\"column\">\n\t\t\t<div class=\"elementor-widget-wrap elementor-element-populated\">\n\t\t\t\t\t\t\t\t<div class=\"elementor-element elementor-element-0173118 elementor-align-center elementor-widget elementor-widget-button\" data-id=\"0173118\" data-element_type=\"widget\" data-widget_type=\"button.default\">\n\t\t\t\t<div class=\"elementor-widget-container\">\n\t\t\t\t\t<div class=\"elementor-button-wrapper\">\n\t\t\t<a href=\"https:\/\/cfcd.school\/new\/sinscrire\/\" class=\"elementor-button-link elementor-button elementor-size-sm\" role=\"button\">\n\t\t\t\t\t\t<span class=\"elementor-button-content-wrapper\">\n\t\t\t\t\t\t<span class=\"elementor-button-text\">S'inscrire<\/span>\n\t\t<\/span>\n\t\t\t\t\t<\/a>\n\t\t<\/div>\n\t\t\t\t<\/div>\n\t\t\t\t<\/div>\n\t\t\t\t\t<\/div>\n\t\t<\/div>\n\t\t\t\t<div class=\"elementor-column elementor-col-33 elementor-inner-column elementor-element elementor-element-70eb0b9\" data-id=\"70eb0b9\" data-element_type=\"column\">\n\t\t\t<div class=\"elementor-widget-wrap elementor-element-populated\">\n\t\t\t\t\t\t\t\t<div class=\"elementor-element elementor-element-320c137 elementor-align-center elementor-widget elementor-widget-button\" data-id=\"320c137\" data-element_type=\"widget\" data-widget_type=\"button.default\">\n\t\t\t\t<div class=\"elementor-widget-container\">\n\t\t\t\t\t<div class=\"elementor-button-wrapper\">\n\t\t\t<a href=\"https:\/\/cfcd.school\/new\/contact\/\" class=\"elementor-button-link elementor-button elementor-size-sm\" role=\"button\">\n\t\t\t\t\t\t<span class=\"elementor-button-content-wrapper\">\n\t\t\t\t\t\t<span class=\"elementor-button-text\">Nous contacter<\/span>\n\t\t<\/span>\n\t\t\t\t\t<\/a>\n\t\t<\/div>\n\t\t\t\t<\/div>\n\t\t\t\t<\/div>\n\t\t\t\t\t<\/div>\n\t\t<\/div>\n\t\t\t\t<div class=\"elementor-column elementor-col-33 elementor-inner-column elementor-element elementor-element-de514c4\" data-id=\"de514c4\" data-element_type=\"column\">\n\t\t\t<div class=\"elementor-widget-wrap elementor-element-populated\">\n\t\t\t\t\t\t\t\t<div class=\"elementor-element elementor-element-7a9c93a elementor-align-center elementor-widget elementor-widget-button\" data-id=\"7a9c93a\" data-element_type=\"widget\" data-widget_type=\"button.default\">\n\t\t\t\t<div class=\"elementor-widget-container\">\n\t\t\t\t\t<div class=\"elementor-button-wrapper\">\n\t\t\t<a href=\"https:\/\/cfcd.school\/new\/soutenir-le-cfcd\/\" class=\"elementor-button-link elementor-button elementor-size-sm\" role=\"button\">\n\t\t\t\t\t\t<span class=\"elementor-button-content-wrapper\">\n\t\t\t\t\t\t<span class=\"elementor-button-text\">Soutenir le CFCD<\/span>\n\t\t<\/span>\n\t\t\t\t\t<\/a>\n\t\t<\/div>\n\t\t\t\t<\/div>\n\t\t\t\t<\/div>\n\t\t\t\t\t<\/div>\n\t\t<\/div>\n\t\t\t\t\t\t\t<\/div>\n\t\t<\/section>\n\t\t\t\t\t<\/div>\n\t\t<\/div>\n\t\t\t\t\t\t\t<\/div>\n\t\t<\/section>\n\t\t\t\t\t\t<\/div>\n\t\t\t\t\t<\/div>\n\t\t","protected":false},"excerpt":{"rendered":"<p>Pierre ALBREChT Responsable p\u00e9dagogique et pastoral N\u00e9 en 1960, Pierre est mari\u00e9 \u00e0 Sylvie depuis 35 ans, et sont parents de 3 gar\u00e7ons. Il exerce dans le domaine s\u00e9culier\u00a0le m\u00e9tier de formateur et psycho-praticien. Converti depuis 1980 en lisant la parole de Dieu, Pierre est passionn\u00e9 par les \u00e9critures. Il a suivi diff\u00e9rentes formations bibliques [&hellip;]<\/p>\n","protected":false},"author":1,"featured_media":0,"parent":238,"menu_order":0,"comment_status":"closed","ping_status":"closed","template":"","meta":{"footnotes":""},"class_list":["post-417","page","type-page","status-publish","hentry"],"_links":{"self":[{"href":"https:\/\/cfcd.school\/new\/wp-json\/wp\/v2\/pages\/417","targetHints":{"allow":["GET"]}}],"collection":[{"href":"https:\/\/cfcd.school\/new\/wp-json\/wp\/v2\/pages"}],"about":[{"href":"https:\/\/cfcd.school\/new\/wp-json\/wp\/v2\/types\/page"}],"author":[{"embeddable":true,"href":"https:\/\/cfcd.school\/new\/wp-json\/wp\/v2\/users\/1"}],"replies":[{"embeddable":true,"href":"https:\/\/cfcd.school\/new\/wp-json\/wp\/v2\/comments?post=417"}],"version-history":[{"count":34,"href":"https:\/\/cfcd.school\/new\/wp-json\/wp\/v2\/pages\/417\/revisions"}],"predecessor-version":[{"id":1145,"href":"https:\/\/cfcd.school\/new\/wp-json\/wp\/v2\/pages\/417\/revisions\/1145"}],"up":[{"embeddable":true,"href":"https:\/\/cfcd.school\/new\/wp-json\/wp\/v2\/pages\/238"}],"wp:attachment":[{"href":"https:\/\/cfcd.school\/new\/wp-json\/wp\/v2\/media?parent=417"}],"curies":[{"name":"wp","href":"https:\/\/api.w.org\/{rel}","templated":true}]}}