{"id":267,"date":"2021-05-25T10:05:15","date_gmt":"2021-05-25T10:05:15","guid":{"rendered":"https:\/\/cfcd.school\/new\/?page_id=267"},"modified":"2021-08-30T12:49:27","modified_gmt":"2021-08-30T12:49:27","slug":"informations","status":"publish","type":"page","link":"https:\/\/cfcd.school\/new\/informations\/","title":{"rendered":"Informations"},"content":{"rendered":"\t\t<div data-elementor-type=\"wp-page\" data-elementor-id=\"267\" class=\"elementor elementor-267\" data-elementor-settings=\"[]\">\n\t\t\t\t\t\t\t<div class=\"elementor-section-wrap\">\n\t\t\t\t\t\t\t<section class=\"elementor-section elementor-top-section elementor-element elementor-element-12042cd elementor-section-full_width elementor-section-height-default elementor-section-height-default\" data-id=\"12042cd\" data-element_type=\"section\">\n\t\t\t\t\t\t<div class=\"elementor-container elementor-column-gap-default\">\n\t\t\t\t\t<div class=\"elementor-column elementor-col-100 elementor-top-column elementor-element elementor-element-210aaf0\" data-id=\"210aaf0\" data-element_type=\"column\">\n\t\t\t<div class=\"elementor-widget-wrap elementor-element-populated\">\n\t\t\t\t\t\t\t\t<div class=\"elementor-element elementor-element-4b65ee8 elementor-widget elementor-widget-image\" data-id=\"4b65ee8\" data-element_type=\"widget\" data-widget_type=\"image.default\">\n\t\t\t\t<div class=\"elementor-widget-container\">\n\t\t\t\t\t\t\t\t\t\t\t\t\t\t\t<img loading=\"lazy\" decoding=\"async\" width=\"1920\" height=\"670\" src=\"https:\/\/cfcd.school\/new\/wp-content\/uploads\/2021\/05\/site-CFCD-Banniere-1920x6702-1.jpg\" class=\"attachment-full size-full\" alt=\"\" srcset=\"https:\/\/cfcd.school\/new\/wp-content\/uploads\/2021\/05\/site-CFCD-Banniere-1920x6702-1.jpg 1920w, https:\/\/cfcd.school\/new\/wp-content\/uploads\/2021\/05\/site-CFCD-Banniere-1920x6702-1-300x105.jpg 300w, https:\/\/cfcd.school\/new\/wp-content\/uploads\/2021\/05\/site-CFCD-Banniere-1920x6702-1-1024x357.jpg 1024w, https:\/\/cfcd.school\/new\/wp-content\/uploads\/2021\/05\/site-CFCD-Banniere-1920x6702-1-768x268.jpg 768w, https:\/\/cfcd.school\/new\/wp-content\/uploads\/2021\/05\/site-CFCD-Banniere-1920x6702-1-1536x536.jpg 1536w\" sizes=\"auto, (max-width: 1920px) 100vw, 1920px\" \/>\t\t\t\t\t\t\t\t\t\t\t\t\t\t\t<\/div>\n\t\t\t\t<\/div>\n\t\t\t\t\t<\/div>\n\t\t<\/div>\n\t\t\t\t\t\t\t<\/div>\n\t\t<\/section>\n\t\t\t\t<section class=\"elementor-section elementor-top-section elementor-element elementor-element-dafa644 elementor-section-boxed elementor-section-height-default elementor-section-height-default\" data-id=\"dafa644\" data-element_type=\"section\">\n\t\t\t\t\t\t<div class=\"elementor-container elementor-column-gap-default\">\n\t\t\t\t\t<div class=\"elementor-column elementor-col-100 elementor-top-column elementor-element elementor-element-8c7a76d\" data-id=\"8c7a76d\" data-element_type=\"column\">\n\t\t\t<div class=\"elementor-widget-wrap elementor-element-populated\">\n\t\t\t\t\t\t\t\t<div class=\"elementor-element elementor-element-8db9a21 elementor-widget elementor-widget-heading\" data-id=\"8db9a21\" data-element_type=\"widget\" data-widget_type=\"heading.default\">\n\t\t\t\t<div class=\"elementor-widget-container\">\n\t\t\t<h2 class=\"elementor-heading-title elementor-size-default\">Cursus CFCD : Des formations qui s'adaptent \u00e0 votre vie<\/h2>\t\t<\/div>\n\t\t\t\t<\/div>\n\t\t\t\t\t<\/div>\n\t\t<\/div>\n\t\t\t\t\t\t\t<\/div>\n\t\t<\/section>\n\t\t\t\t<section class=\"elementor-section elementor-top-section elementor-element elementor-element-96d4e31 elementor-section-boxed elementor-section-height-default elementor-section-height-default\" data-id=\"96d4e31\" data-element_type=\"section\">\n\t\t\t\t\t\t<div class=\"elementor-container elementor-column-gap-default\">\n\t\t\t\t\t<div class=\"elementor-column elementor-col-50 elementor-top-column elementor-element elementor-element-0fdaa0a\" data-id=\"0fdaa0a\" data-element_type=\"column\">\n\t\t\t<div class=\"elementor-widget-wrap elementor-element-populated\">\n\t\t\t\t\t\t\t\t<div class=\"elementor-element elementor-element-67dab68 elementor-widget elementor-widget-image\" data-id=\"67dab68\" data-element_type=\"widget\" data-widget_type=\"image.default\">\n\t\t\t\t<div class=\"elementor-widget-container\">\n\t\t\t\t\t\t\t\t\t\t\t\t\t\t\t<img loading=\"lazy\" decoding=\"async\" width=\"640\" height=\"424\" src=\"https:\/\/cfcd.school\/new\/wp-content\/uploads\/2021\/05\/CFCD-980x6508-1.jpg\" class=\"attachment-large size-large\" alt=\"\" srcset=\"https:\/\/cfcd.school\/new\/wp-content\/uploads\/2021\/05\/CFCD-980x6508-1.jpg 980w, https:\/\/cfcd.school\/new\/wp-content\/uploads\/2021\/05\/CFCD-980x6508-1-300x199.jpg 300w, https:\/\/cfcd.school\/new\/wp-content\/uploads\/2021\/05\/CFCD-980x6508-1-768x509.jpg 768w\" sizes=\"auto, (max-width: 640px) 100vw, 640px\" \/>\t\t\t\t\t\t\t\t\t\t\t\t\t\t\t<\/div>\n\t\t\t\t<\/div>\n\t\t\t\t\t<\/div>\n\t\t<\/div>\n\t\t\t\t<div class=\"elementor-column elementor-col-50 elementor-top-column elementor-element elementor-element-ea5130a\" data-id=\"ea5130a\" data-element_type=\"column\" data-settings=\"{&quot;background_background&quot;:&quot;classic&quot;}\">\n\t\t\t<div class=\"elementor-widget-wrap elementor-element-populated\">\n\t\t\t\t\t\t\t\t<div class=\"elementor-element elementor-element-b1a95b0 elementor-widget elementor-widget-text-editor\" data-id=\"b1a95b0\" data-element_type=\"widget\" data-widget_type=\"text-editor.default\">\n\t\t\t\t<div class=\"elementor-widget-container\">\n\t\t\t\t\t\t\t\t<p>La rencontre personnelle avec Christ et le d\u00e9sir de marcher avec Lui en tant que disciple survient \u00e0 des moments diff\u00e9rents de la vie de chacun et chacune d&rsquo;entre nous.<\/p><p>C&rsquo;est pourquoi nous avons pens\u00e9 nos formations au regard des diff\u00e9rentes saisons de la vie pour que tout le monde puisse b\u00e9n\u00e9ficier des enseignements du CFCD: \u00e9tudiant, actif, retrait\u00e9&#8230;<\/p>\t\t\t\t\t\t<\/div>\n\t\t\t\t<\/div>\n\t\t\t\t\t<\/div>\n\t\t<\/div>\n\t\t\t\t\t\t\t<\/div>\n\t\t<\/section>\n\t\t\t\t<section class=\"elementor-section elementor-top-section elementor-element elementor-element-a0415f5 elementor-section-boxed elementor-section-height-default elementor-section-height-default\" data-id=\"a0415f5\" data-element_type=\"section\">\n\t\t\t\t\t\t<div class=\"elementor-container elementor-column-gap-default\">\n\t\t\t\t\t<div class=\"elementor-column elementor-col-50 elementor-top-column elementor-element elementor-element-6b414f1\" data-id=\"6b414f1\" data-element_type=\"column\" data-settings=\"{&quot;background_background&quot;:&quot;classic&quot;}\">\n\t\t\t<div class=\"elementor-widget-wrap elementor-element-populated\">\n\t\t\t\t\t\t\t\t<div class=\"elementor-element elementor-element-03ec0b7 elementor-widget elementor-widget-text-editor\" data-id=\"03ec0b7\" data-element_type=\"widget\" data-widget_type=\"text-editor.default\">\n\t\t\t\t<div class=\"elementor-widget-container\">\n\t\t\t\t\t\t\t\t<p><strong>Des formations compl\u00e8tes<\/strong><\/p><p>Nous vous proposons un cursus qui r\u00e9pondra au mieux \u00e0 vos objectif pour le Service pour Dieu. De responsable \u00e0 minist\u00e8re dans ou hors de l&rsquo;\u00e9glise , notre objectif est de vous \u00e9quiper.<\/p><p>Notre enseignement propose une part d&rsquo;enseignement obligatoire, sp\u00e9cialis\u00e9 (en fonction de votre appel et votre objectif) et une part pratique.<\/p>\t\t\t\t\t\t<\/div>\n\t\t\t\t<\/div>\n\t\t\t\t<div class=\"elementor-element elementor-element-352c98c elementor-widget elementor-widget-text-editor\" data-id=\"352c98c\" data-element_type=\"widget\" data-widget_type=\"text-editor.default\">\n\t\t\t\t<div class=\"elementor-widget-container\">\n\t\t\t\t\t\t\t\t<p><strong>Personnalis\u00e9es<\/strong><\/p><p>Nous vous proposons un contrat d&rsquo;enseignement d\u00e8s le d\u00e9but de la formation, \u00e9tabli en fonction de votre temps disponible, mais aussi en fonction de l\u00e0 o\u00f9 vous en \u00eates dans le service pour Dieu.<\/p>\t\t\t\t\t\t<\/div>\n\t\t\t\t<\/div>\n\t\t\t\t<div class=\"elementor-element elementor-element-93bcbea elementor-widget elementor-widget-text-editor\" data-id=\"93bcbea\" data-element_type=\"widget\" data-widget_type=\"text-editor.default\">\n\t\t\t\t<div class=\"elementor-widget-container\">\n\t\t\t\t\t\t\t\t<p><strong>Adaptables<\/strong><\/p><p>Nous vous proposons des enseignements avec des support vari\u00e9s (\u00e0 distance et en pr\u00e9sentiel) \u00e0 votre rythme, en fonction de votre rythme d&rsquo;\u00e9tude.<\/p>\t\t\t\t\t\t<\/div>\n\t\t\t\t<\/div>\n\t\t\t\t\t<\/div>\n\t\t<\/div>\n\t\t\t\t<div class=\"elementor-column elementor-col-50 elementor-top-column elementor-element elementor-element-263fc2a\" data-id=\"263fc2a\" data-element_type=\"column\" data-settings=\"{&quot;background_background&quot;:&quot;classic&quot;}\">\n\t\t\t<div class=\"elementor-widget-wrap\">\n\t\t\t\t\t\t\t\t\t<\/div>\n\t\t<\/div>\n\t\t\t\t\t\t\t<\/div>\n\t\t<\/section>\n\t\t\t\t<section class=\"elementor-section elementor-top-section elementor-element elementor-element-63eafcf elementor-section-boxed elementor-section-height-default elementor-section-height-default\" data-id=\"63eafcf\" data-element_type=\"section\" data-settings=\"{&quot;background_background&quot;:&quot;classic&quot;}\">\n\t\t\t\t\t\t<div class=\"elementor-container elementor-column-gap-custom\">\n\t\t\t\t\t<div class=\"elementor-column elementor-col-33 elementor-top-column elementor-element elementor-element-2eaa7a9\" data-id=\"2eaa7a9\" data-element_type=\"column\" data-settings=\"{&quot;background_background&quot;:&quot;classic&quot;}\">\n\t\t\t<div class=\"elementor-widget-wrap elementor-element-populated\">\n\t\t\t\t\t\t\t\t<div class=\"elementor-element elementor-element-4dc1b46 elementor-widget elementor-widget-image\" data-id=\"4dc1b46\" data-element_type=\"widget\" data-widget_type=\"image.default\">\n\t\t\t\t<div class=\"elementor-widget-container\">\n\t\t\t\t\t\t\t\t\t\t\t\t\t\t\t<img loading=\"lazy\" decoding=\"async\" width=\"640\" height=\"424\" src=\"https:\/\/cfcd.school\/new\/wp-content\/uploads\/2021\/05\/Images-site-CFCD-980x650_logo-1024x679.jpg\" class=\"attachment-large size-large\" alt=\"\" srcset=\"https:\/\/cfcd.school\/new\/wp-content\/uploads\/2021\/05\/Images-site-CFCD-980x650_logo-1024x679.jpg 1024w, https:\/\/cfcd.school\/new\/wp-content\/uploads\/2021\/05\/Images-site-CFCD-980x650_logo-300x199.jpg 300w, https:\/\/cfcd.school\/new\/wp-content\/uploads\/2021\/05\/Images-site-CFCD-980x650_logo-768x509.jpg 768w, https:\/\/cfcd.school\/new\/wp-content\/uploads\/2021\/05\/Images-site-CFCD-980x650_logo-1536x1018.jpg 1536w, https:\/\/cfcd.school\/new\/wp-content\/uploads\/2021\/05\/Images-site-CFCD-980x650_logo.jpg 2042w\" sizes=\"auto, (max-width: 640px) 100vw, 640px\" \/>\t\t\t\t\t\t\t\t\t\t\t\t\t\t\t<\/div>\n\t\t\t\t<\/div>\n\t\t\t\t<div class=\"elementor-element elementor-element-f6c7649 elementor-widget elementor-widget-heading\" data-id=\"f6c7649\" data-element_type=\"widget\" data-widget_type=\"heading.default\">\n\t\t\t\t<div class=\"elementor-widget-container\">\n\t\t\t<h2 class=\"elementor-heading-title elementor-size-default\">IBD Fondements<\/h2>\t\t<\/div>\n\t\t\t\t<\/div>\n\t\t\t\t<div class=\"elementor-element elementor-element-330b7bb elementor-widget elementor-widget-text-editor\" data-id=\"330b7bb\" data-element_type=\"widget\" data-widget_type=\"text-editor.default\">\n\t\t\t\t<div class=\"elementor-widget-container\">\n\t\t\t\t\t\t\t\t<p>Nouveau dans la foi, comme converti de longue date, la formation \u00ab\u00a0Fondements\u00a0\u00bb est sp\u00e9cialement con\u00e7ue pour vous permettre d\u2019acqu\u00e9rir des bases solides dans l\u2019\u00e9tude et la mise en pratique de la Parole de Dieu tout au long des 120 heures de cours r\u00e9parties sur 2 ans.<\/p>\t\t\t\t\t\t<\/div>\n\t\t\t\t<\/div>\n\t\t\t\t<div class=\"elementor-element elementor-element-840e80e elementor-align-center elementor-widget elementor-widget-button\" data-id=\"840e80e\" data-element_type=\"widget\" data-widget_type=\"button.default\">\n\t\t\t\t<div class=\"elementor-widget-container\">\n\t\t\t\t\t<div class=\"elementor-button-wrapper\">\n\t\t\t<a href=\"https:\/\/cfcd.school\/new\/ibd-fondements\/\" class=\"elementor-button-link elementor-button elementor-size-sm\" role=\"button\">\n\t\t\t\t\t\t<span class=\"elementor-button-content-wrapper\">\n\t\t\t\t\t\t<span class=\"elementor-button-text\">En savoir plus<\/span>\n\t\t<\/span>\n\t\t\t\t\t<\/a>\n\t\t<\/div>\n\t\t\t\t<\/div>\n\t\t\t\t<\/div>\n\t\t\t\t\t<\/div>\n\t\t<\/div>\n\t\t\t\t<div class=\"elementor-column elementor-col-33 elementor-top-column elementor-element elementor-element-6801270\" data-id=\"6801270\" data-element_type=\"column\" data-settings=\"{&quot;background_background&quot;:&quot;classic&quot;}\">\n\t\t\t<div class=\"elementor-widget-wrap elementor-element-populated\">\n\t\t\t\t\t\t\t\t<div class=\"elementor-element elementor-element-9475a06 elementor-widget elementor-widget-image\" data-id=\"9475a06\" data-element_type=\"widget\" data-widget_type=\"image.default\">\n\t\t\t\t<div class=\"elementor-widget-container\">\n\t\t\t\t\t\t\t\t\t\t\t\t\t\t\t<img loading=\"lazy\" decoding=\"async\" width=\"640\" height=\"424\" src=\"https:\/\/cfcd.school\/new\/wp-content\/uploads\/2021\/05\/Images-site-CFCD-980x650_logo3-1024x679.jpg\" class=\"attachment-large size-large\" alt=\"\" srcset=\"https:\/\/cfcd.school\/new\/wp-content\/uploads\/2021\/05\/Images-site-CFCD-980x650_logo3-1024x679.jpg 1024w, https:\/\/cfcd.school\/new\/wp-content\/uploads\/2021\/05\/Images-site-CFCD-980x650_logo3-300x199.jpg 300w, https:\/\/cfcd.school\/new\/wp-content\/uploads\/2021\/05\/Images-site-CFCD-980x650_logo3-768x509.jpg 768w, https:\/\/cfcd.school\/new\/wp-content\/uploads\/2021\/05\/Images-site-CFCD-980x650_logo3-1536x1018.jpg 1536w, https:\/\/cfcd.school\/new\/wp-content\/uploads\/2021\/05\/Images-site-CFCD-980x650_logo3.jpg 2042w\" sizes=\"auto, (max-width: 640px) 100vw, 640px\" \/>\t\t\t\t\t\t\t\t\t\t\t\t\t\t\t<\/div>\n\t\t\t\t<\/div>\n\t\t\t\t<div class=\"elementor-element elementor-element-aaaa321 elementor-widget elementor-widget-heading\" data-id=\"aaaa321\" data-element_type=\"widget\" data-widget_type=\"heading.default\">\n\t\t\t\t<div class=\"elementor-widget-container\">\n\t\t\t<h2 class=\"elementor-heading-title elementor-size-default\">IBD Approfondissements<\/h2>\t\t<\/div>\n\t\t\t\t<\/div>\n\t\t\t\t<div class=\"elementor-element elementor-element-e787637 elementor-widget elementor-widget-text-editor\" data-id=\"e787637\" data-element_type=\"widget\" data-widget_type=\"text-editor.default\">\n\t\t\t\t<div class=\"elementor-widget-container\">\n\t\t\t\t\t\t\t\t<p>Con\u00e7ue pour des personnes qui ont d\u00e9j\u00e0 acquis des bases de vie chr\u00e9tienne et qui manifestent le d\u00e9sir de se former plus en profondeur. Ce sont plus de 500 heures de formation pour des personnes qui sont d\u00e9j\u00e0 en responsabilit\u00e9, et qui progressent dans le minist\u00e8re chr\u00e9tien.<\/p>\t\t\t\t\t\t<\/div>\n\t\t\t\t<\/div>\n\t\t\t\t<div class=\"elementor-element elementor-element-72460f7 elementor-align-center elementor-widget elementor-widget-button\" data-id=\"72460f7\" data-element_type=\"widget\" data-widget_type=\"button.default\">\n\t\t\t\t<div class=\"elementor-widget-container\">\n\t\t\t\t\t<div class=\"elementor-button-wrapper\">\n\t\t\t<a href=\"https:\/\/cfcd.school\/new\/ibd-approfondissement\/\" class=\"elementor-button-link elementor-button elementor-size-sm\" role=\"button\">\n\t\t\t\t\t\t<span class=\"elementor-button-content-wrapper\">\n\t\t\t\t\t\t<span class=\"elementor-button-text\">En savoir plus<\/span>\n\t\t<\/span>\n\t\t\t\t\t<\/a>\n\t\t<\/div>\n\t\t\t\t<\/div>\n\t\t\t\t<\/div>\n\t\t\t\t\t<\/div>\n\t\t<\/div>\n\t\t\t\t<div class=\"elementor-column elementor-col-33 elementor-top-column elementor-element elementor-element-ca0ba94\" data-id=\"ca0ba94\" data-element_type=\"column\" data-settings=\"{&quot;background_background&quot;:&quot;classic&quot;}\">\n\t\t\t<div class=\"elementor-widget-wrap elementor-element-populated\">\n\t\t\t\t\t\t\t\t<div class=\"elementor-element elementor-element-0b80b46 elementor-widget elementor-widget-image\" data-id=\"0b80b46\" data-element_type=\"widget\" data-widget_type=\"image.default\">\n\t\t\t\t<div class=\"elementor-widget-container\">\n\t\t\t\t\t\t\t\t\t\t\t\t\t\t\t<img loading=\"lazy\" decoding=\"async\" width=\"640\" height=\"424\" src=\"https:\/\/cfcd.school\/new\/wp-content\/uploads\/2021\/05\/Images-site-CFCD-980x650_logo2-1024x679.jpg\" class=\"attachment-large size-large\" alt=\"\" srcset=\"https:\/\/cfcd.school\/new\/wp-content\/uploads\/2021\/05\/Images-site-CFCD-980x650_logo2-1024x679.jpg 1024w, https:\/\/cfcd.school\/new\/wp-content\/uploads\/2021\/05\/Images-site-CFCD-980x650_logo2-300x199.jpg 300w, https:\/\/cfcd.school\/new\/wp-content\/uploads\/2021\/05\/Images-site-CFCD-980x650_logo2-768x509.jpg 768w, https:\/\/cfcd.school\/new\/wp-content\/uploads\/2021\/05\/Images-site-CFCD-980x650_logo2-1536x1018.jpg 1536w, https:\/\/cfcd.school\/new\/wp-content\/uploads\/2021\/05\/Images-site-CFCD-980x650_logo2.jpg 2042w\" sizes=\"auto, (max-width: 640px) 100vw, 640px\" \/>\t\t\t\t\t\t\t\t\t\t\t\t\t\t\t<\/div>\n\t\t\t\t<\/div>\n\t\t\t\t<div class=\"elementor-element elementor-element-5bd9d8e elementor-widget elementor-widget-heading\" data-id=\"5bd9d8e\" data-element_type=\"widget\" data-widget_type=\"heading.default\">\n\t\t\t\t<div class=\"elementor-widget-container\">\n\t\t\t<h2 class=\"elementor-heading-title elementor-size-default\">Formation proph\u00e9tique<\/h2>\t\t<\/div>\n\t\t\t\t<\/div>\n\t\t\t\t<div class=\"elementor-element elementor-element-f65c717 elementor-widget elementor-widget-text-editor\" data-id=\"f65c717\" data-element_type=\"widget\" data-widget_type=\"text-editor.default\">\n\t\t\t\t<div class=\"elementor-widget-container\">\n\t\t\t\t\t\t\t\t<p>En conformit\u00e9 avec l\u2019enseignement et la vie des \u00e9glises du Nouveau Testament, nous voulons \u00eatre un peuple qui exp\u00e9rimente la pr\u00e9sence de Dieu, qui encourage l\u2019expression des dons de l\u2019Esprit, et la lev\u00e9e de minist\u00e8res dans la sensibilit\u00e9 proph\u00e9tique.<\/p>\t\t\t\t\t\t<\/div>\n\t\t\t\t<\/div>\n\t\t\t\t<div class=\"elementor-element elementor-element-0ad35d8 elementor-align-center elementor-widget elementor-widget-button\" data-id=\"0ad35d8\" data-element_type=\"widget\" data-widget_type=\"button.default\">\n\t\t\t\t<div class=\"elementor-widget-container\">\n\t\t\t\t\t<div class=\"elementor-button-wrapper\">\n\t\t\t<a href=\"https:\/\/cfcd.school\/new\/fpg-prophetique\/\" class=\"elementor-button-link elementor-button elementor-size-sm\" role=\"button\">\n\t\t\t\t\t\t<span class=\"elementor-button-content-wrapper\">\n\t\t\t\t\t\t<span class=\"elementor-button-text\">En savoir plus<\/span>\n\t\t<\/span>\n\t\t\t\t\t<\/a>\n\t\t<\/div>\n\t\t\t\t<\/div>\n\t\t\t\t<\/div>\n\t\t\t\t\t<\/div>\n\t\t<\/div>\n\t\t\t\t\t\t\t<\/div>\n\t\t<\/section>\n\t\t\t\t<section class=\"elementor-section elementor-top-section elementor-element elementor-element-3dbef09 elementor-section-full_width elementor-section-height-default elementor-section-height-default\" data-id=\"3dbef09\" data-element_type=\"section\">\n\t\t\t\t\t\t<div class=\"elementor-container elementor-column-gap-default\">\n\t\t\t\t\t<div class=\"elementor-column elementor-col-100 elementor-top-column elementor-element elementor-element-7d0c4e3\" data-id=\"7d0c4e3\" data-element_type=\"column\">\n\t\t\t<div class=\"elementor-widget-wrap elementor-element-populated\">\n\t\t\t\t\t\t\t\t<div class=\"elementor-element elementor-element-4a21e2e elementor-shape-circle elementor-grid-0 e-grid-align-center elementor-widget elementor-widget-social-icons\" data-id=\"4a21e2e\" data-element_type=\"widget\" data-widget_type=\"social-icons.default\">\n\t\t\t\t<div class=\"elementor-widget-container\">\n\t\t\t\t\t<div class=\"elementor-social-icons-wrapper elementor-grid\">\n\t\t\t\t\t\t\t<div class=\"elementor-grid-item\">\n\t\t\t\t\t<a class=\"elementor-icon elementor-social-icon elementor-social-icon-facebook elementor-repeater-item-d009c98\" href=\"https:\/\/www.facebook.com\/CFCD-1686734374874634\" target=\"_blank\">\n\t\t\t\t\t\t<span class=\"elementor-screen-only\">Facebook<\/span>\n\t\t\t\t\t\t<i class=\"fab fa-facebook\"><\/i>\t\t\t\t\t<\/a>\n\t\t\t\t<\/div>\n\t\t\t\t\t\t\t<div class=\"elementor-grid-item\">\n\t\t\t\t\t<a class=\"elementor-icon elementor-social-icon elementor-social-icon-instagram elementor-repeater-item-ecf0835\" href=\"https:\/\/www.instagram.com\/cfcd_officiel\/\" target=\"_blank\">\n\t\t\t\t\t\t<span class=\"elementor-screen-only\">Instagram<\/span>\n\t\t\t\t\t\t<i class=\"fab fa-instagram\"><\/i>\t\t\t\t\t<\/a>\n\t\t\t\t<\/div>\n\t\t\t\t\t<\/div>\n\t\t\t\t<\/div>\n\t\t\t\t<\/div>\n\t\t\t\t<section class=\"elementor-section elementor-inner-section elementor-element elementor-element-af52562 elementor-section-full_width elementor-section-height-default elementor-section-height-default\" data-id=\"af52562\" data-element_type=\"section\" data-settings=\"{&quot;background_background&quot;:&quot;classic&quot;}\">\n\t\t\t\t\t\t<div class=\"elementor-container elementor-column-gap-extended\">\n\t\t\t\t\t<div class=\"elementor-column elementor-col-33 elementor-inner-column elementor-element elementor-element-949ef87\" data-id=\"949ef87\" data-element_type=\"column\">\n\t\t\t<div class=\"elementor-widget-wrap elementor-element-populated\">\n\t\t\t\t\t\t\t\t<div class=\"elementor-element elementor-element-d7e4d3d elementor-align-center elementor-widget elementor-widget-button\" data-id=\"d7e4d3d\" data-element_type=\"widget\" data-widget_type=\"button.default\">\n\t\t\t\t<div class=\"elementor-widget-container\">\n\t\t\t\t\t<div class=\"elementor-button-wrapper\">\n\t\t\t<a href=\"https:\/\/cfcd.school\/new\/sinscrire\/\" class=\"elementor-button-link elementor-button elementor-size-sm\" role=\"button\">\n\t\t\t\t\t\t<span class=\"elementor-button-content-wrapper\">\n\t\t\t\t\t\t<span class=\"elementor-button-text\">S'inscrire<\/span>\n\t\t<\/span>\n\t\t\t\t\t<\/a>\n\t\t<\/div>\n\t\t\t\t<\/div>\n\t\t\t\t<\/div>\n\t\t\t\t\t<\/div>\n\t\t<\/div>\n\t\t\t\t<div class=\"elementor-column elementor-col-33 elementor-inner-column elementor-element elementor-element-0183efe\" data-id=\"0183efe\" data-element_type=\"column\">\n\t\t\t<div class=\"elementor-widget-wrap elementor-element-populated\">\n\t\t\t\t\t\t\t\t<div class=\"elementor-element elementor-element-b60af70 elementor-align-center elementor-widget elementor-widget-button\" data-id=\"b60af70\" data-element_type=\"widget\" data-widget_type=\"button.default\">\n\t\t\t\t<div class=\"elementor-widget-container\">\n\t\t\t\t\t<div class=\"elementor-button-wrapper\">\n\t\t\t<a href=\"https:\/\/cfcd.school\/new\/contact\/\" class=\"elementor-button-link elementor-button elementor-size-sm\" role=\"button\">\n\t\t\t\t\t\t<span class=\"elementor-button-content-wrapper\">\n\t\t\t\t\t\t<span class=\"elementor-button-text\">Nous contacter<\/span>\n\t\t<\/span>\n\t\t\t\t\t<\/a>\n\t\t<\/div>\n\t\t\t\t<\/div>\n\t\t\t\t<\/div>\n\t\t\t\t\t<\/div>\n\t\t<\/div>\n\t\t\t\t<div class=\"elementor-column elementor-col-33 elementor-inner-column elementor-element elementor-element-306ec7e\" data-id=\"306ec7e\" data-element_type=\"column\">\n\t\t\t<div class=\"elementor-widget-wrap elementor-element-populated\">\n\t\t\t\t\t\t\t\t<div class=\"elementor-element elementor-element-0f530da elementor-align-center elementor-widget elementor-widget-button\" data-id=\"0f530da\" data-element_type=\"widget\" data-widget_type=\"button.default\">\n\t\t\t\t<div class=\"elementor-widget-container\">\n\t\t\t\t\t<div class=\"elementor-button-wrapper\">\n\t\t\t<a href=\"https:\/\/cfcd.school\/new\/soutenir-le-cfcd\/\" class=\"elementor-button-link elementor-button elementor-size-sm\" role=\"button\">\n\t\t\t\t\t\t<span class=\"elementor-button-content-wrapper\">\n\t\t\t\t\t\t<span class=\"elementor-button-text\">Soutenir le CFCD<\/span>\n\t\t<\/span>\n\t\t\t\t\t<\/a>\n\t\t<\/div>\n\t\t\t\t<\/div>\n\t\t\t\t<\/div>\n\t\t\t\t\t<\/div>\n\t\t<\/div>\n\t\t\t\t\t\t\t<\/div>\n\t\t<\/section>\n\t\t\t\t\t<\/div>\n\t\t<\/div>\n\t\t\t\t\t\t\t<\/div>\n\t\t<\/section>\n\t\t\t\t\t\t<\/div>\n\t\t\t\t\t<\/div>\n\t\t","protected":false},"excerpt":{"rendered":"<p>Cursus CFCD : Des formations qui s&rsquo;adaptent \u00e0 votre vie La rencontre personnelle avec Christ et le d\u00e9sir de marcher avec Lui en tant que disciple survient \u00e0 des moments diff\u00e9rents de la vie de chacun et chacune d&rsquo;entre nous. C&rsquo;est pourquoi nous avons pens\u00e9 nos formations au regard des diff\u00e9rentes saisons de la vie [&hellip;]<\/p>\n","protected":false},"author":1,"featured_media":0,"parent":0,"menu_order":0,"comment_status":"closed","ping_status":"closed","template":"","meta":{"footnotes":""},"class_list":["post-267","page","type-page","status-publish","hentry"],"_links":{"self":[{"href":"https:\/\/cfcd.school\/new\/wp-json\/wp\/v2\/pages\/267","targetHints":{"allow":["GET"]}}],"collection":[{"href":"https:\/\/cfcd.school\/new\/wp-json\/wp\/v2\/pages"}],"about":[{"href":"https:\/\/cfcd.school\/new\/wp-json\/wp\/v2\/types\/page"}],"author":[{"embeddable":true,"href":"https:\/\/cfcd.school\/new\/wp-json\/wp\/v2\/users\/1"}],"replies":[{"embeddable":true,"href":"https:\/\/cfcd.school\/new\/wp-json\/wp\/v2\/comments?post=267"}],"version-history":[{"count":35,"href":"https:\/\/cfcd.school\/new\/wp-json\/wp\/v2\/pages\/267\/revisions"}],"predecessor-version":[{"id":1175,"href":"https:\/\/cfcd.school\/new\/wp-json\/wp\/v2\/pages\/267\/revisions\/1175"}],"wp:attachment":[{"href":"https:\/\/cfcd.school\/new\/wp-json\/wp\/v2\/media?parent=267"}],"curies":[{"name":"wp","href":"https:\/\/api.w.org\/{rel}","templated":true}]}}