{"id":265,"date":"2021-05-25T10:04:55","date_gmt":"2021-05-25T10:04:55","guid":{"rendered":"https:\/\/cfcd.school\/new\/?page_id=265"},"modified":"2021-05-28T12:00:23","modified_gmt":"2021-05-28T12:00:23","slug":"soutenir-le-cfcd","status":"publish","type":"page","link":"https:\/\/cfcd.school\/new\/soutenir-le-cfcd\/","title":{"rendered":"Soutenir le CFCD"},"content":{"rendered":"\t\t<div data-elementor-type=\"wp-page\" data-elementor-id=\"265\" class=\"elementor elementor-265\" data-elementor-settings=\"[]\">\n\t\t\t\t\t\t\t<div class=\"elementor-section-wrap\">\n\t\t\t\t\t\t\t<section class=\"elementor-section elementor-top-section elementor-element elementor-element-09093b4 elementor-section-boxed elementor-section-height-default elementor-section-height-default\" data-id=\"09093b4\" data-element_type=\"section\">\n\t\t\t\t\t\t<div class=\"elementor-container elementor-column-gap-default\">\n\t\t\t\t\t<div class=\"elementor-column elementor-col-100 elementor-top-column elementor-element elementor-element-e1d5136\" data-id=\"e1d5136\" data-element_type=\"column\">\n\t\t\t<div class=\"elementor-widget-wrap elementor-element-populated\">\n\t\t\t\t\t\t\t\t<div class=\"elementor-element elementor-element-fcb5a0e elementor-widget elementor-widget-image\" data-id=\"fcb5a0e\" data-element_type=\"widget\" data-widget_type=\"image.default\">\n\t\t\t\t<div class=\"elementor-widget-container\">\n\t\t\t\t\t\t\t\t\t\t\t\t\t\t\t<img loading=\"lazy\" decoding=\"async\" width=\"1920\" height=\"670\" src=\"https:\/\/cfcd.school\/new\/wp-content\/uploads\/2021\/05\/site-CFCD-Banniere-1920x67026-1.jpg\" class=\"attachment-2048x2048 size-2048x2048\" alt=\"\" srcset=\"https:\/\/cfcd.school\/new\/wp-content\/uploads\/2021\/05\/site-CFCD-Banniere-1920x67026-1.jpg 1920w, https:\/\/cfcd.school\/new\/wp-content\/uploads\/2021\/05\/site-CFCD-Banniere-1920x67026-1-300x105.jpg 300w, https:\/\/cfcd.school\/new\/wp-content\/uploads\/2021\/05\/site-CFCD-Banniere-1920x67026-1-1024x357.jpg 1024w, https:\/\/cfcd.school\/new\/wp-content\/uploads\/2021\/05\/site-CFCD-Banniere-1920x67026-1-768x268.jpg 768w, https:\/\/cfcd.school\/new\/wp-content\/uploads\/2021\/05\/site-CFCD-Banniere-1920x67026-1-1536x536.jpg 1536w\" sizes=\"auto, (max-width: 1920px) 100vw, 1920px\" \/>\t\t\t\t\t\t\t\t\t\t\t\t\t\t\t<\/div>\n\t\t\t\t<\/div>\n\t\t\t\t<div class=\"elementor-element elementor-element-315339b elementor-widget elementor-widget-text-editor\" data-id=\"315339b\" data-element_type=\"widget\" data-widget_type=\"text-editor.default\">\n\t\t\t\t<div class=\"elementor-widget-container\">\n\t\t\t\t\t\t\t\t<p>Je souhaite soutenir le CFCD et participer \u00e0 la formation de disciples :<\/p>\t\t\t\t\t\t<\/div>\n\t\t\t\t<\/div>\n\t\t\t\t\t<\/div>\n\t\t<\/div>\n\t\t\t\t\t\t\t<\/div>\n\t\t<\/section>\n\t\t\t\t<section class=\"elementor-section elementor-top-section elementor-element elementor-element-4d005473 elementor-section-content-middle elementor-section-boxed elementor-section-height-default elementor-section-height-default\" data-id=\"4d005473\" data-element_type=\"section\">\n\t\t\t\t\t\t<div class=\"elementor-container elementor-column-gap-no\">\n\t\t\t\t\t<div class=\"elementor-column elementor-col-100 elementor-top-column elementor-element elementor-element-6072988e\" data-id=\"6072988e\" data-element_type=\"column\">\n\t\t\t<div class=\"elementor-widget-wrap elementor-element-populated\">\n\t\t\t\t\t\t\t\t<section class=\"elementor-section elementor-inner-section elementor-element elementor-element-783c4279 elementor-section-content-middle elementor-section-boxed elementor-section-height-default elementor-section-height-default\" data-id=\"783c4279\" data-element_type=\"section\">\n\t\t\t\t\t\t<div class=\"elementor-container elementor-column-gap-no\">\n\t\t\t\t\t<div class=\"elementor-column elementor-col-33 elementor-inner-column elementor-element elementor-element-59a4897a\" data-id=\"59a4897a\" data-element_type=\"column\">\n\t\t\t<div class=\"elementor-widget-wrap elementor-element-populated\">\n\t\t\t\t\t\t\t\t<div class=\"elementor-element elementor-element-7a1aab8 elementor-view-framed elementor-shape-circle elementor-widget elementor-widget-icon\" data-id=\"7a1aab8\" data-element_type=\"widget\" data-widget_type=\"icon.default\">\n\t\t\t\t<div class=\"elementor-widget-container\">\n\t\t\t\t\t<div class=\"elementor-icon-wrapper\">\n\t\t\t<div class=\"elementor-icon\">\n\t\t\t<i aria-hidden=\"true\" class=\"far fa-heart\"><\/i>\t\t\t<\/div>\n\t\t<\/div>\n\t\t\t\t<\/div>\n\t\t\t\t<\/div>\n\t\t\t\t<div class=\"elementor-element elementor-element-4b9e927d elementor-position-top elementor-vertical-align-top elementor-widget elementor-widget-image-box\" data-id=\"4b9e927d\" data-element_type=\"widget\" data-widget_type=\"image-box.default\">\n\t\t\t\t<div class=\"elementor-widget-container\">\n\t\t\t<div class=\"elementor-image-box-wrapper\"><div class=\"elementor-image-box-content\"><h3 class=\"elementor-image-box-title\">Faire un don <\/h3><p class=\"elementor-image-box-description\">Participez \u00e0 la formation de disciples et apportez votre soutien \u00e0 travers un don financier.<\/p><\/div><\/div>\t\t<\/div>\n\t\t\t\t<\/div>\n\t\t\t\t<div class=\"elementor-element elementor-element-6093a8fe elementor-align-center elementor-widget elementor-widget-button\" data-id=\"6093a8fe\" data-element_type=\"widget\" data-widget_type=\"button.default\">\n\t\t\t\t<div class=\"elementor-widget-container\">\n\t\t\t\t\t<div class=\"elementor-button-wrapper\">\n\t\t\t<a href=\"https:\/\/cfcd.school\/new\/soutenir-le-cfcd\/soutenir-le-cfcd-faire-un-don\/\" class=\"elementor-button-link elementor-button elementor-size-sm\" role=\"button\">\n\t\t\t\t\t\t<span class=\"elementor-button-content-wrapper\">\n\t\t\t\t\t\t<span class=\"elementor-button-text\">Faire un don<\/span>\n\t\t<\/span>\n\t\t\t\t\t<\/a>\n\t\t<\/div>\n\t\t\t\t<\/div>\n\t\t\t\t<\/div>\n\t\t\t\t\t<\/div>\n\t\t<\/div>\n\t\t\t\t<div class=\"elementor-column elementor-col-33 elementor-inner-column elementor-element elementor-element-4eca6ab6\" data-id=\"4eca6ab6\" data-element_type=\"column\">\n\t\t\t<div class=\"elementor-widget-wrap elementor-element-populated\">\n\t\t\t\t\t\t\t\t<div class=\"elementor-element elementor-element-f76c693 elementor-view-framed elementor-shape-circle elementor-widget elementor-widget-icon\" data-id=\"f76c693\" data-element_type=\"widget\" data-widget_type=\"icon.default\">\n\t\t\t\t<div class=\"elementor-widget-container\">\n\t\t\t\t\t<div class=\"elementor-icon-wrapper\">\n\t\t\t<div class=\"elementor-icon\">\n\t\t\t<i aria-hidden=\"true\" class=\"far fa-handshake\"><\/i>\t\t\t<\/div>\n\t\t<\/div>\n\t\t\t\t<\/div>\n\t\t\t\t<\/div>\n\t\t\t\t<div class=\"elementor-element elementor-element-53eeefc elementor-position-top elementor-vertical-align-top elementor-widget elementor-widget-image-box\" data-id=\"53eeefc\" data-element_type=\"widget\" data-widget_type=\"image-box.default\">\n\t\t\t\t<div class=\"elementor-widget-container\">\n\t\t\t<div class=\"elementor-image-box-wrapper\"><div class=\"elementor-image-box-content\"><h3 class=\"elementor-image-box-title\">Servir<\/h3><p class=\"elementor-image-box-description\">Vous avez \u00e0 coeur de servir et vous voulez proposer vos dons et talents au service de la formation, N'h\u00e9sitez pas.<\/p><\/div><\/div>\t\t<\/div>\n\t\t\t\t<\/div>\n\t\t\t\t<div class=\"elementor-element elementor-element-76015019 elementor-align-center elementor-widget elementor-widget-button\" data-id=\"76015019\" data-element_type=\"widget\" data-widget_type=\"button.default\">\n\t\t\t\t<div class=\"elementor-widget-container\">\n\t\t\t\t\t<div class=\"elementor-button-wrapper\">\n\t\t\t<a href=\"https:\/\/cfcd.school\/new\/soutenir-le-cfcd\/soutenir-le-cfcd-servir\/\" class=\"elementor-button-link elementor-button elementor-size-sm\" role=\"button\">\n\t\t\t\t\t\t<span class=\"elementor-button-content-wrapper\">\n\t\t\t\t\t\t<span class=\"elementor-button-text\">Servir<\/span>\n\t\t<\/span>\n\t\t\t\t\t<\/a>\n\t\t<\/div>\n\t\t\t\t<\/div>\n\t\t\t\t<\/div>\n\t\t\t\t\t<\/div>\n\t\t<\/div>\n\t\t\t\t<div class=\"elementor-column elementor-col-33 elementor-inner-column elementor-element elementor-element-16ce3504\" data-id=\"16ce3504\" data-element_type=\"column\">\n\t\t\t<div class=\"elementor-widget-wrap elementor-element-populated\">\n\t\t\t\t\t\t\t\t<div class=\"elementor-element elementor-element-1573a15 elementor-view-framed elementor-shape-circle elementor-widget elementor-widget-icon\" data-id=\"1573a15\" data-element_type=\"widget\" data-widget_type=\"icon.default\">\n\t\t\t\t<div class=\"elementor-widget-container\">\n\t\t\t\t\t<div class=\"elementor-icon-wrapper\">\n\t\t\t<div class=\"elementor-icon\">\n\t\t\t<i aria-hidden=\"true\" class=\"fas fa-hand-holding\"><\/i>\t\t\t<\/div>\n\t\t<\/div>\n\t\t\t\t<\/div>\n\t\t\t\t<\/div>\n\t\t\t\t<div class=\"elementor-element elementor-element-df4ce20 elementor-position-top elementor-vertical-align-top elementor-widget elementor-widget-image-box\" data-id=\"df4ce20\" data-element_type=\"widget\" data-widget_type=\"image-box.default\">\n\t\t\t\t<div class=\"elementor-widget-container\">\n\t\t\t<div class=\"elementor-image-box-wrapper\"><div class=\"elementor-image-box-content\"><h3 class=\"elementor-image-box-title\">Don de mat\u00e9riel<\/h3><p class=\"elementor-image-box-description\">Vous avez du mat\u00e9riel qui pourrait nous servir,  contactez-nous (livre, ordinateur, etc )<\/p><\/div><\/div>\t\t<\/div>\n\t\t\t\t<\/div>\n\t\t\t\t<div class=\"elementor-element elementor-element-660dcdab elementor-align-center elementor-widget elementor-widget-button\" data-id=\"660dcdab\" data-element_type=\"widget\" data-widget_type=\"button.default\">\n\t\t\t\t<div class=\"elementor-widget-container\">\n\t\t\t\t\t<div class=\"elementor-button-wrapper\">\n\t\t\t<a href=\"https:\/\/cfcd.school\/new\/soutenir-le-cfcd\/soutenir-le-cfcd-don-de-materiel\/\" class=\"elementor-button-link elementor-button elementor-size-sm\" role=\"button\">\n\t\t\t\t\t\t<span class=\"elementor-button-content-wrapper\">\n\t\t\t\t\t\t<span class=\"elementor-button-text\">DOn de mat\u00e9riel<\/span>\n\t\t<\/span>\n\t\t\t\t\t<\/a>\n\t\t<\/div>\n\t\t\t\t<\/div>\n\t\t\t\t<\/div>\n\t\t\t\t\t<\/div>\n\t\t<\/div>\n\t\t\t\t\t\t\t<\/div>\n\t\t<\/section>\n\t\t\t\t\t<\/div>\n\t\t<\/div>\n\t\t\t\t\t\t\t<\/div>\n\t\t<\/section>\n\t\t\t\t\t\t<\/div>\n\t\t\t\t\t<\/div>\n\t\t","protected":false},"excerpt":{"rendered":"<p>Je souhaite soutenir le CFCD et participer \u00e0 la formation de disciples : Faire un don Participez \u00e0 la formation de disciples et apportez votre soutien \u00e0 travers un don financier. Faire un don Servir Vous avez \u00e0 coeur de servir et vous voulez proposer vos dons et talents au service de la formation, N&rsquo;h\u00e9sitez [&hellip;]<\/p>\n","protected":false},"author":1,"featured_media":0,"parent":0,"menu_order":0,"comment_status":"closed","ping_status":"closed","template":"","meta":{"footnotes":""},"class_list":["post-265","page","type-page","status-publish","hentry"],"_links":{"self":[{"href":"https:\/\/cfcd.school\/new\/wp-json\/wp\/v2\/pages\/265","targetHints":{"allow":["GET"]}}],"collection":[{"href":"https:\/\/cfcd.school\/new\/wp-json\/wp\/v2\/pages"}],"about":[{"href":"https:\/\/cfcd.school\/new\/wp-json\/wp\/v2\/types\/page"}],"author":[{"embeddable":true,"href":"https:\/\/cfcd.school\/new\/wp-json\/wp\/v2\/users\/1"}],"replies":[{"embeddable":true,"href":"https:\/\/cfcd.school\/new\/wp-json\/wp\/v2\/comments?post=265"}],"version-history":[{"count":37,"href":"https:\/\/cfcd.school\/new\/wp-json\/wp\/v2\/pages\/265\/revisions"}],"predecessor-version":[{"id":925,"href":"https:\/\/cfcd.school\/new\/wp-json\/wp\/v2\/pages\/265\/revisions\/925"}],"wp:attachment":[{"href":"https:\/\/cfcd.school\/new\/wp-json\/wp\/v2\/media?parent=265"}],"curies":[{"name":"wp","href":"https:\/\/api.w.org\/{rel}","templated":true}]}}