{"id":236,"date":"2021-05-25T09:49:03","date_gmt":"2021-05-25T09:49:03","guid":{"rendered":"https:\/\/cfcd.school\/new\/?page_id=236"},"modified":"2021-08-30T12:33:09","modified_gmt":"2021-08-30T12:33:09","slug":"confession-de-foi","status":"publish","type":"page","link":"https:\/\/cfcd.school\/new\/confession-de-foi\/","title":{"rendered":"Confession de foi"},"content":{"rendered":"\t\t<div data-elementor-type=\"wp-page\" data-elementor-id=\"236\" class=\"elementor elementor-236\" data-elementor-settings=\"[]\">\n\t\t\t\t\t\t\t<div class=\"elementor-section-wrap\">\n\t\t\t\t\t\t\t<section class=\"elementor-section elementor-top-section elementor-element elementor-element-e65568d elementor-section-boxed elementor-section-height-default elementor-section-height-default\" data-id=\"e65568d\" data-element_type=\"section\">\n\t\t\t\t\t\t<div class=\"elementor-container elementor-column-gap-default\">\n\t\t\t\t\t<div class=\"elementor-column elementor-col-50 elementor-top-column elementor-element elementor-element-9e4a81b\" data-id=\"9e4a81b\" data-element_type=\"column\">\n\t\t\t<div class=\"elementor-widget-wrap elementor-element-populated\">\n\t\t\t\t\t\t\t\t<div class=\"elementor-element elementor-element-25c016b elementor-widget elementor-widget-heading\" data-id=\"25c016b\" data-element_type=\"widget\" data-widget_type=\"heading.default\">\n\t\t\t\t<div class=\"elementor-widget-container\">\n\t\t\t<h2 class=\"elementor-heading-title elementor-size-default\">nous croyons<\/h2>\t\t<\/div>\n\t\t\t\t<\/div>\n\t\t\t\t<div class=\"elementor-element elementor-element-a4a950a elementor-widget elementor-widget-text-editor\" data-id=\"a4a950a\" data-element_type=\"widget\" data-widget_type=\"text-editor.default\">\n\t\t\t\t<div class=\"elementor-widget-container\">\n\t\t\t\t\t\t\t\t<p>En un seul Dieu le P\u00e8re, cr\u00e9ateur, infini, \u00e9ternel et immuable,<\/p><p>Que la Bible (Ancien et Nouveau Testament) est la Parole \u00e9ternelle de Dieu. Elle constitue la seule et infaillible r\u00e8gle de vie chr\u00e9tienne,<\/p><p>Que notre foi chr\u00e9tienne puise ses racines dans le juda\u00efsme,<\/p><p>Que J\u00e9sus-Christ est le seul m\u00e9diateur entre Dieu et les hommes. Il est de toute \u00e9ternit\u00e9 le Fils unique de Dieu. Con\u00e7u par la vertu du Saint-Esprit et n\u00e9 d\u2019une vierge, le Fils de Dieu fut autant r\u00e9ellement homme que r\u00e9ellement Dieu. Il a volontairement souffert la mort de la croix pour satisfaire \u00e0 la justice divine. Il est ressuscit\u00e9 le 3\u00e8me jour, est apparu \u00e0 divers t\u00e9moins et est remont\u00e9 au Ciel pr\u00e8s du P\u00e8re,<\/p><p>Que pour \u00eatre sauv\u00e9, l\u2019homme doit, sous l\u2019action du Saint-Esprit, se repentir de ses p\u00e9ch\u00e9s et placer sa foi dans l\u2019\u0153uvre expiatoire de J\u00e9sus-Christ \u00e0 la croix,<\/p><p>Que le Saint Esprit, personne divine, est l\u2019h\u00e9ritage de tout enfant de Dieu. Il applique au c\u0153ur les v\u00e9rit\u00e9s de l\u2019Ecriture. Il produit en ceux qui sont sauv\u00e9s la vie chr\u00e9tienne,<\/p><p>\u00e0 la pratique du bapt\u00eame d\u2019eau par immersion pour chaque croyant,<\/p><p>Au bapt\u00eame du Saint-Esprit comme une exp\u00e9rience pr\u00e9cise accord\u00e9e par Dieu \u00e0 tout croyant,<\/p><p>\u00e0 la pratique dans l\u2019\u00e9glise de la C\u00e8ne, institu\u00e9e par notre Seigneur J\u00e9sus-Christ pour comm\u00e9morer et proclamer sa mort expiatoire sur la croix,<\/p><p>\u00e0 la gu\u00e9rison divine par la pri\u00e8re de la foi,<\/p><p>Au retour ou seconde venue de J\u00e9sus-Christ sur la terre, et au jugement final,<\/p><p>\u00e0 l\u2019\u00e9ternit\u00e9 dans la pr\u00e9sence de Dieu pour ceux qui l\u2019ont accept\u00e9.<\/p>\t\t\t\t\t\t<\/div>\n\t\t\t\t<\/div>\n\t\t\t\t\t<\/div>\n\t\t<\/div>\n\t\t\t\t<div class=\"elementor-column elementor-col-50 elementor-top-column elementor-element elementor-element-d670e77\" data-id=\"d670e77\" data-element_type=\"column\" data-settings=\"{&quot;background_background&quot;:&quot;classic&quot;,&quot;background_motion_fx_motion_fx_scrolling&quot;:&quot;yes&quot;,&quot;background_motion_fx_devices&quot;:[&quot;desktop&quot;,&quot;tablet&quot;,&quot;mobile&quot;]}\">\n\t\t\t<div class=\"elementor-widget-wrap\">\n\t\t\t\t\t\t\t\t\t<\/div>\n\t\t<\/div>\n\t\t\t\t\t\t\t<\/div>\n\t\t<\/section>\n\t\t\t\t<section class=\"elementor-section elementor-top-section elementor-element elementor-element-7b2d4a6 elementor-section-full_width elementor-section-height-default elementor-section-height-default\" data-id=\"7b2d4a6\" data-element_type=\"section\">\n\t\t\t\t\t\t<div class=\"elementor-container elementor-column-gap-default\">\n\t\t\t\t\t<div class=\"elementor-column elementor-col-100 elementor-top-column elementor-element elementor-element-71497e7\" data-id=\"71497e7\" data-element_type=\"column\">\n\t\t\t<div class=\"elementor-widget-wrap elementor-element-populated\">\n\t\t\t\t\t\t\t\t<div class=\"elementor-element elementor-element-cf50198 elementor-shape-circle elementor-grid-0 e-grid-align-center elementor-widget elementor-widget-social-icons\" data-id=\"cf50198\" data-element_type=\"widget\" data-widget_type=\"social-icons.default\">\n\t\t\t\t<div class=\"elementor-widget-container\">\n\t\t\t\t\t<div class=\"elementor-social-icons-wrapper elementor-grid\">\n\t\t\t\t\t\t\t<div class=\"elementor-grid-item\">\n\t\t\t\t\t<a class=\"elementor-icon elementor-social-icon elementor-social-icon-facebook elementor-repeater-item-d009c98\" href=\"https:\/\/www.facebook.com\/CFCD-1686734374874634\" target=\"_blank\">\n\t\t\t\t\t\t<span class=\"elementor-screen-only\">Facebook<\/span>\n\t\t\t\t\t\t<i class=\"fab fa-facebook\"><\/i>\t\t\t\t\t<\/a>\n\t\t\t\t<\/div>\n\t\t\t\t\t\t\t<div class=\"elementor-grid-item\">\n\t\t\t\t\t<a class=\"elementor-icon elementor-social-icon elementor-social-icon-instagram elementor-repeater-item-ecf0835\" href=\"https:\/\/www.instagram.com\/cfcd_officiel\/\" target=\"_blank\">\n\t\t\t\t\t\t<span class=\"elementor-screen-only\">Instagram<\/span>\n\t\t\t\t\t\t<i class=\"fab fa-instagram\"><\/i>\t\t\t\t\t<\/a>\n\t\t\t\t<\/div>\n\t\t\t\t\t<\/div>\n\t\t\t\t<\/div>\n\t\t\t\t<\/div>\n\t\t\t\t<section class=\"elementor-section elementor-inner-section elementor-element elementor-element-21a18f3 elementor-section-full_width elementor-section-height-default elementor-section-height-default\" data-id=\"21a18f3\" data-element_type=\"section\" data-settings=\"{&quot;background_background&quot;:&quot;classic&quot;}\">\n\t\t\t\t\t\t<div class=\"elementor-container elementor-column-gap-extended\">\n\t\t\t\t\t<div class=\"elementor-column elementor-col-33 elementor-inner-column elementor-element elementor-element-ef53fe0\" data-id=\"ef53fe0\" data-element_type=\"column\">\n\t\t\t<div class=\"elementor-widget-wrap elementor-element-populated\">\n\t\t\t\t\t\t\t\t<div class=\"elementor-element elementor-element-d2c11e3 elementor-align-center elementor-widget elementor-widget-button\" data-id=\"d2c11e3\" data-element_type=\"widget\" data-widget_type=\"button.default\">\n\t\t\t\t<div class=\"elementor-widget-container\">\n\t\t\t\t\t<div class=\"elementor-button-wrapper\">\n\t\t\t<a href=\"https:\/\/cfcd.school\/new\/sinscrire\/\" class=\"elementor-button-link elementor-button elementor-size-sm\" role=\"button\">\n\t\t\t\t\t\t<span class=\"elementor-button-content-wrapper\">\n\t\t\t\t\t\t<span class=\"elementor-button-text\">S'inscrire<\/span>\n\t\t<\/span>\n\t\t\t\t\t<\/a>\n\t\t<\/div>\n\t\t\t\t<\/div>\n\t\t\t\t<\/div>\n\t\t\t\t\t<\/div>\n\t\t<\/div>\n\t\t\t\t<div class=\"elementor-column elementor-col-33 elementor-inner-column elementor-element elementor-element-a0e7fb3\" data-id=\"a0e7fb3\" data-element_type=\"column\">\n\t\t\t<div class=\"elementor-widget-wrap elementor-element-populated\">\n\t\t\t\t\t\t\t\t<div class=\"elementor-element elementor-element-3b5f609 elementor-align-center elementor-widget elementor-widget-button\" data-id=\"3b5f609\" data-element_type=\"widget\" data-widget_type=\"button.default\">\n\t\t\t\t<div class=\"elementor-widget-container\">\n\t\t\t\t\t<div class=\"elementor-button-wrapper\">\n\t\t\t<a href=\"https:\/\/cfcd.school\/new\/contact\/\" class=\"elementor-button-link elementor-button elementor-size-sm\" role=\"button\">\n\t\t\t\t\t\t<span class=\"elementor-button-content-wrapper\">\n\t\t\t\t\t\t<span class=\"elementor-button-text\">Nous contacter<\/span>\n\t\t<\/span>\n\t\t\t\t\t<\/a>\n\t\t<\/div>\n\t\t\t\t<\/div>\n\t\t\t\t<\/div>\n\t\t\t\t\t<\/div>\n\t\t<\/div>\n\t\t\t\t<div class=\"elementor-column elementor-col-33 elementor-inner-column elementor-element elementor-element-50e01d9\" data-id=\"50e01d9\" data-element_type=\"column\">\n\t\t\t<div class=\"elementor-widget-wrap elementor-element-populated\">\n\t\t\t\t\t\t\t\t<div class=\"elementor-element elementor-element-8d748fc elementor-align-center elementor-widget elementor-widget-button\" data-id=\"8d748fc\" data-element_type=\"widget\" data-widget_type=\"button.default\">\n\t\t\t\t<div class=\"elementor-widget-container\">\n\t\t\t\t\t<div class=\"elementor-button-wrapper\">\n\t\t\t<a href=\"https:\/\/cfcd.school\/new\/soutenir-le-cfcd\/\" class=\"elementor-button-link elementor-button elementor-size-sm\" role=\"button\">\n\t\t\t\t\t\t<span class=\"elementor-button-content-wrapper\">\n\t\t\t\t\t\t<span class=\"elementor-button-text\">Soutenir le CFCD<\/span>\n\t\t<\/span>\n\t\t\t\t\t<\/a>\n\t\t<\/div>\n\t\t\t\t<\/div>\n\t\t\t\t<\/div>\n\t\t\t\t\t<\/div>\n\t\t<\/div>\n\t\t\t\t\t\t\t<\/div>\n\t\t<\/section>\n\t\t\t\t\t<\/div>\n\t\t<\/div>\n\t\t\t\t\t\t\t<\/div>\n\t\t<\/section>\n\t\t\t\t\t\t<\/div>\n\t\t\t\t\t<\/div>\n\t\t","protected":false},"excerpt":{"rendered":"<p>nous croyons En un seul Dieu le P\u00e8re, cr\u00e9ateur, infini, \u00e9ternel et immuable, Que la Bible (Ancien et Nouveau Testament) est la Parole \u00e9ternelle de Dieu. Elle constitue la seule et infaillible r\u00e8gle de vie chr\u00e9tienne, Que notre foi chr\u00e9tienne puise ses racines dans le juda\u00efsme, Que J\u00e9sus-Christ est le seul m\u00e9diateur entre Dieu et [&hellip;]<\/p>\n","protected":false},"author":1,"featured_media":0,"parent":0,"menu_order":0,"comment_status":"closed","ping_status":"closed","template":"","meta":{"footnotes":""},"class_list":["post-236","page","type-page","status-publish","hentry"],"_links":{"self":[{"href":"https:\/\/cfcd.school\/new\/wp-json\/wp\/v2\/pages\/236","targetHints":{"allow":["GET"]}}],"collection":[{"href":"https:\/\/cfcd.school\/new\/wp-json\/wp\/v2\/pages"}],"about":[{"href":"https:\/\/cfcd.school\/new\/wp-json\/wp\/v2\/types\/page"}],"author":[{"embeddable":true,"href":"https:\/\/cfcd.school\/new\/wp-json\/wp\/v2\/users\/1"}],"replies":[{"embeddable":true,"href":"https:\/\/cfcd.school\/new\/wp-json\/wp\/v2\/comments?post=236"}],"version-history":[{"count":27,"href":"https:\/\/cfcd.school\/new\/wp-json\/wp\/v2\/pages\/236\/revisions"}],"predecessor-version":[{"id":1123,"href":"https:\/\/cfcd.school\/new\/wp-json\/wp\/v2\/pages\/236\/revisions\/1123"}],"wp:attachment":[{"href":"https:\/\/cfcd.school\/new\/wp-json\/wp\/v2\/media?parent=236"}],"curies":[{"name":"wp","href":"https:\/\/api.w.org\/{rel}","templated":true}]}}